{"id":25066,"date":"2022-07-15T11:24:39","date_gmt":"2022-07-15T09:24:39","guid":{"rendered":"https:\/\/www.rewe-group.com\/de\/?page_id=25066"},"modified":"2025-11-14T16:17:50","modified_gmt":"2025-11-14T15:17:50","slug":"datenschutzhinweise-fuer-die-antragsstellung-einer-uta-servicekarte","status":"publish","type":"page","link":"https:\/\/service.rewe-group.com\/de\/datenschutzhinweise-fuer-die-antragsstellung-einer-uta-servicekarte\/","title":{"rendered":"Datenschutzhinweise f\u00fcr die Antragsstellung einer UTA Servicekarte"},"content":{"rendered":"\n<div class=\"wp-block-myblocks-template-root template-root\">\n<div class=\"wp-block-myblocks-section block-section section-bg-white section-padding-top section-padding-bottom\">\n<div class=\"wp-block-myblocks-row-full-single row-full-single my-row-block row-full\"><div class=\"myblock-wrapper block-my-text-block block-ingrid\" data-module-name=\"Headline Copy Link\">    <div class=\"textblock margin-row-inner\">\n        <div class=\"entry-content\">\n            \n            <p><strong>1. Wer ist f\u00fcr die Datenverarbeitung verantwortlich<\/strong><br \/>\nVerantwortlich f\u00fcr die Verarbeitung Ihrer personenbezogenen Daten bei Beantragung Ihrer UTA Servicekarte ist die REWE Zentralfinanz eG. Die Kontaktdaten lauten:<\/p>\n<p>REWE Zentralfinanz eG<br \/>\nDomstra\u00dfe 20<br \/>\n50668 K\u00f6ln<br \/>\nTelefon: 0221 149-0<\/p>\n<p>Weiterhin m\u00f6chte die REWE Zentralfinanz eG aufzeigen, welche Rechte Ihnen in diesem Zusammenhang zustehen. Diese Datenschutzerkl\u00e4rung gilt ausschlie\u00dflich f\u00fcr diese Verarbeitung<\/p>\n<p><strong>2. An wen k\u00f6nnen Sie sich bei Fragen zur Datenverarbeitung wenden?<\/strong><br \/>\nDer Datenschutzbeauftragte der REWE-ZENTRALFINANZ eG ist unter folgenden Kontaktdaten erreichbar:<\/p>\n<p>REWE-ZENTRALFINANZ eG<br \/>\nDatenschutzbeauftragter<br \/>\nDomstra\u00dfe 20<br \/>\n50668 K\u00f6ln<\/p>\n<p>E-Mail: <a href=\"mailto:datenschutz@rewe-group.com\">datenschutz@rewe-group.com<\/a><\/p>\n<p><strong>3. Kategorien und Zweck der Verarbeitung personenbezogener Daten<\/strong><br \/>\nZur Erf\u00fcllung und Vermittlung Ihres Antrages auf eine UTA Servicekarte werden wir Ihre Kontaktdaten (Name, Anschrift, Telefonnummer und E-Mail-Adresse) und Kontodaten verarbeiten. Rechtsgrundlage f\u00fcr diese Verarbeitung Ihrer personenbezogener Daten ist somit Art. 6 Abs. 1 lit. b) DSGVO (vorvertragliche Ma\u00dfnahmen, Vertragsdurchf\u00fchrung) und Art. 6 Abs. 1 lit. f) DSGVO (berechtigtes Interesse der REWE Group basierend auf der Vermittlung).<\/p>\n<p><strong>4. Empf\u00e4nger der personenbezogenen Daten<\/strong><br \/>\nIhre von uns erfassten Daten werden an UNION TANK Eckstein GmbH &amp; Co. KG (UTA) weitergegeben.<\/p>\n<p><strong>5. Speicherdauer; L\u00f6schfristen<\/strong><br \/>\nWir speichern die von Ihnen verarbeiteten Daten grunds\u00e4tzlich nur solange eine Rechtsgrundlage besteht. <em>Mit deren Wegfall werden Ihre Daten gel\u00f6scht<\/em>. Ihre Daten werden daneben so lange gespeichert\/ nicht gel\u00f6scht, wie f\u00fcr sie vertragliche oder gesetzliche Aufbewahrungsfristen bestehen.<\/p>\n<p><strong>6. Automatisierte Entscheidungsfindung; Profiling<\/strong><br \/>\nWir verwenden Ihre personenbezogenen Daten weder f\u00fcr automatisierte Entscheidungsfindung noch Profiling.<\/p>\n<p><strong>7. Ihre Betroffenenrechte<\/strong><br \/>\nSoweit REWE-ZENTRALFINANZ eG personenbezogenen Daten von Ihnen verarbeitet, stehen Ihnen als Betroffener insbesondere nachfolgende Betroffenenrechte unter den datenschutzrechtlichen Voraussetzungen zu.<\/p>\n<p><strong>Auskunft<\/strong><br \/>\nSie k\u00f6nnen Auskunft \u00fcber Ihre von uns verarbeiteten personenbezogenen Daten verlangen.<\/p>\n<p><strong>Berichtigung<\/strong><br \/>\nSollten Ihre Angaben nicht (mehr) zutreffend sein, k\u00f6nnen Sie die Berichtigung Ihrer Daten verlangen. Sollten Ihre Daten unvollst\u00e4ndig sein, k\u00f6nnen Sie eine Vervollst\u00e4ndigung verlangen.<\/p>\n<p><strong>L\u00f6schung<\/strong><br \/>\nSie haben das Recht, die L\u00f6schung Ihrer Daten zu verlangen. Bitte beachten Sie, dass ein Anspruch auf L\u00f6schung von dem Vorliegen eines legitimen Grunds abh\u00e4ngt. Zudem d\u00fcrfen keine Vorschriften bestehen, die uns zur Aufbewahrung Ihrer Daten verpflichten.<\/p>\n<p><strong>Einschr\u00e4nkung der Verarbeitung<\/strong><br \/>\nSie haben das Recht, die Einschr\u00e4nkung der Verarbeitung Ihrer Daten zu verlangen. Bitte beachten Sie, dass ein Anspruch auf Einschr\u00e4nkung der Verarbeitung von dem Vorliegen eines legitimen Grunds abh\u00e4ngt.<\/p>\n<p><strong>Widerspruch<\/strong><br \/>\n<strong>Werden Daten auf Grundlage von Art. 6 Abs. 1 lit. f) DSGVO erhoben (Datenverarbeitung zur Wahrung berechtigter Interessen), steht Ihnen das Recht zu, aus Gr\u00fcnden, die sich aus Ihrer besonderen Situation ergeben, gegen die Verarbeitung Ihrer Daten Widerspruch einzulegen. Im Falle eines Widerspruchs werden wir Ihre Daten nicht mehr verarbeiten, es sei denn, wir k\u00f6nnen zwingende schutzw\u00fcrdige Gr\u00fcnde f\u00fcr die Verarbeitung nachweisen, die Ihre Interessen, Rechte und Freiheiten \u00fcberwiegen, oder die Verarbeitung dient der Geltendmachung, Aus\u00fcbung oder Verteidigung von Rechtsanspr\u00fcchen.<\/strong><\/p>\n<p><strong>Beschwerderecht<\/strong><br \/>\nSie sind berechtigt, bei der zust\u00e4ndigen Datenschutzaufsichtsbeh\u00f6rde Beschwerde einzureichen, wenn Sie mit der Verarbeitung Ihrer Daten nicht einverstanden sind.<\/p>\n<p><strong>Daten\u00fcbertragbarkeit<\/strong><br \/>\nSie haben das Recht, personenbezogene Daten, die Sie uns mitgeteilt haben, in einem elektronischen Format zu erhalten.<\/p>\n        <\/div>\n\n            <\/div>\n<\/div><\/div>\n<\/div>\n<\/div>\n","protected":false},"excerpt":{"rendered":"<p>Die REWE-ZENTRALFINANZ eG informiert Sie \u00fcber die Verarbeitung Ihrer Daten f\u00fcr Beantragung einer UTA Servicekarte, die Sie uns geben. Mit den vorliegenden Datenschutzhinweisen m\u00f6chten wir Sie insbesondere \u00fcber Umfang und Zweck der Verarbeitung sowie Ihre Rechte als Betroffener informieren (Stand: 01.07.2022).<\/p>\n","protected":false},"author":20,"featured_media":15005,"parent":0,"menu_order":126,"comment_status":"closed","ping_status":"closed","template":"","meta":{"_acf_changed":false,"_relevanssi_hide_post":"","_relevanssi_hide_content":"","_relevanssi_pin_for_all":"","_relevanssi_pin_keywords":"","_relevanssi_unpin_keywords":"","_relevanssi_related_keywords":"","_relevanssi_related_include_ids":"","_relevanssi_related_exclude_ids":"","_relevanssi_related_no_append":"","_relevanssi_related_not_related":"","_relevanssi_related_posts":"","_relevanssi_noindex_reason":"","footnotes":""},"categories":[],"tags":[],"class_list":["post-25066","page","type-page","status-publish","has-post-thumbnail","hentry"],"acf":[],"yoast_head":"<!-- This site is optimized with the Yoast SEO Premium plugin v27.1 (Yoast SEO v27.1.1) - https:\/\/yoast.com\/product\/yoast-seo-premium-wordpress\/ -->\n<title>Datenschutzhinweise f\u00fcr die Antragsstellung einer UTA Servicekarte - Rewe Group Service<\/title>\n<meta name=\"robots\" content=\"noindex, follow, max-snippet:-1, max-image-preview:large, max-video-preview:-1\" \/>\n<meta property=\"og:locale\" content=\"de_DE\" \/>\n<meta property=\"og:type\" content=\"article\" \/>\n<meta property=\"og:title\" content=\"Datenschutzhinweise f\u00fcr die Antragsstellung einer UTA Servicekarte\" \/>\n<meta property=\"og:description\" content=\"Die REWE-ZENTRALFINANZ eG informiert Sie \u00fcber die Verarbeitung Ihrer Daten f\u00fcr Beantragung einer UTA Servicekarte, die Sie uns geben. Mit den vorliegenden Datenschutzhinweisen m\u00f6chten wir Sie insbesondere \u00fcber Umfang und Zweck der Verarbeitung sowie Ihre Rechte als Betroffener informieren (Stand: 01.07.2022).\" \/>\n<meta property=\"og:url\" content=\"https:\/\/service.rewe-group.com\/de\/datenschutzhinweise-fuer-die-antragsstellung-einer-uta-servicekarte\/\" \/>\n<meta property=\"og:site_name\" content=\"Rewe Group Service\" \/>\n<meta property=\"article:modified_time\" content=\"2025-11-14T15:17:50+00:00\" \/>\n<meta property=\"og:image\" content=\"https:\/\/www.rewe-group.com\/content\/uploads\/2021\/04\/rewe-group-og-image-2.jpg?t=2025111403\" \/>\n\t<meta property=\"og:image:width\" content=\"1200\" \/>\n\t<meta property=\"og:image:height\" content=\"630\" \/>\n\t<meta property=\"og:image:type\" content=\"image\/jpeg\" \/>\n<meta name=\"twitter:card\" content=\"summary_large_image\" \/>\n<meta name=\"twitter:label1\" content=\"Gesch\u00e4tzte Lesezeit\" \/>\n\t<meta name=\"twitter:data1\" content=\"3\u00a0Minuten\" \/>\n<script type=\"application\/ld+json\" class=\"yoast-schema-graph\">{\"@context\":\"https:\/\/schema.org\",\"@graph\":[{\"@type\":\"WebPage\",\"@id\":\"https:\/\/service.rewe-group.com\/de\/datenschutzhinweise-fuer-die-antragsstellung-einer-uta-servicekarte\/\",\"url\":\"https:\/\/service.rewe-group.com\/de\/datenschutzhinweise-fuer-die-antragsstellung-einer-uta-servicekarte\/\",\"name\":\"Datenschutzhinweise f\u00fcr die Antragsstellung einer UTA Servicekarte - Rewe Group Service\",\"isPartOf\":{\"@id\":\"https:\/\/service.rewe-group.com\/de\/#website\"},\"primaryImageOfPage\":{\"@id\":\"https:\/\/service.rewe-group.com\/de\/datenschutzhinweise-fuer-die-antragsstellung-einer-uta-servicekarte\/#primaryimage\"},\"image\":{\"@id\":\"https:\/\/service.rewe-group.com\/de\/datenschutzhinweise-fuer-die-antragsstellung-einer-uta-servicekarte\/#primaryimage\"},\"thumbnailUrl\":\"https:\/\/www.rewe-group.com\/content\/uploads\/2021\/04\/rewe-group-og-image-2.jpg?t=2026040409\",\"datePublished\":\"2022-07-15T09:24:39+00:00\",\"dateModified\":\"2025-11-14T15:17:50+00:00\",\"inLanguage\":\"de\",\"potentialAction\":[{\"@type\":\"ReadAction\",\"target\":[\"https:\/\/service.rewe-group.com\/de\/datenschutzhinweise-fuer-die-antragsstellung-einer-uta-servicekarte\/\"]}]},{\"@type\":\"ImageObject\",\"inLanguage\":\"de\",\"@id\":\"https:\/\/service.rewe-group.com\/de\/datenschutzhinweise-fuer-die-antragsstellung-einer-uta-servicekarte\/#primaryimage\",\"url\":\"https:\/\/www.rewe-group.com\/content\/uploads\/2021\/04\/rewe-group-og-image-2.jpg?t=2026040409\",\"contentUrl\":\"https:\/\/www.rewe-group.com\/content\/uploads\/2021\/04\/rewe-group-og-image-2.jpg?t=2026040409\",\"width\":1200,\"height\":630,\"caption\":\"Das REWE Group Logo\"},{\"@type\":\"WebSite\",\"@id\":\"https:\/\/service.rewe-group.com\/de\/#website\",\"url\":\"https:\/\/service.rewe-group.com\/de\/\",\"name\":\"Rewe Group Service\",\"description\":\"\",\"potentialAction\":[{\"@type\":\"SearchAction\",\"target\":{\"@type\":\"EntryPoint\",\"urlTemplate\":\"https:\/\/service.rewe-group.com\/de\/?s={search_term_string}\"},\"query-input\":{\"@type\":\"PropertyValueSpecification\",\"valueRequired\":true,\"valueName\":\"search_term_string\"}}],\"inLanguage\":\"de\"}]}<\/script>\n<!-- \/ Yoast SEO Premium plugin. -->","yoast_head_json":{"title":"Datenschutzhinweise f\u00fcr die Antragsstellung einer UTA Servicekarte - Rewe Group Service","robots":{"index":"noindex","follow":"follow","max-snippet":"max-snippet:-1","max-image-preview":"max-image-preview:large","max-video-preview":"max-video-preview:-1"},"og_locale":"de_DE","og_type":"article","og_title":"Datenschutzhinweise f\u00fcr die Antragsstellung einer UTA Servicekarte","og_description":"Die REWE-ZENTRALFINANZ eG informiert Sie \u00fcber die Verarbeitung Ihrer Daten f\u00fcr Beantragung einer UTA Servicekarte, die Sie uns geben. Mit den vorliegenden Datenschutzhinweisen m\u00f6chten wir Sie insbesondere \u00fcber Umfang und Zweck der Verarbeitung sowie Ihre Rechte als Betroffener informieren (Stand: 01.07.2022).","og_url":"https:\/\/service.rewe-group.com\/de\/datenschutzhinweise-fuer-die-antragsstellung-einer-uta-servicekarte\/","og_site_name":"Rewe Group Service","article_modified_time":"2025-11-14T15:17:50+00:00","og_image":[{"width":1200,"height":630,"url":"https:\/\/www.rewe-group.com\/content\/uploads\/2021\/04\/rewe-group-og-image-2.jpg?t=2025111403","type":"image\/jpeg"}],"twitter_card":"summary_large_image","twitter_misc":{"Gesch\u00e4tzte Lesezeit":"3\u00a0Minuten"},"schema":{"@context":"https:\/\/schema.org","@graph":[{"@type":"WebPage","@id":"https:\/\/service.rewe-group.com\/de\/datenschutzhinweise-fuer-die-antragsstellung-einer-uta-servicekarte\/","url":"https:\/\/service.rewe-group.com\/de\/datenschutzhinweise-fuer-die-antragsstellung-einer-uta-servicekarte\/","name":"Datenschutzhinweise f\u00fcr die Antragsstellung einer UTA Servicekarte - Rewe Group Service","isPartOf":{"@id":"https:\/\/service.rewe-group.com\/de\/#website"},"primaryImageOfPage":{"@id":"https:\/\/service.rewe-group.com\/de\/datenschutzhinweise-fuer-die-antragsstellung-einer-uta-servicekarte\/#primaryimage"},"image":{"@id":"https:\/\/service.rewe-group.com\/de\/datenschutzhinweise-fuer-die-antragsstellung-einer-uta-servicekarte\/#primaryimage"},"thumbnailUrl":"https:\/\/www.rewe-group.com\/content\/uploads\/2021\/04\/rewe-group-og-image-2.jpg?t=2026040409","datePublished":"2022-07-15T09:24:39+00:00","dateModified":"2025-11-14T15:17:50+00:00","inLanguage":"de","potentialAction":[{"@type":"ReadAction","target":["https:\/\/service.rewe-group.com\/de\/datenschutzhinweise-fuer-die-antragsstellung-einer-uta-servicekarte\/"]}]},{"@type":"ImageObject","inLanguage":"de","@id":"https:\/\/service.rewe-group.com\/de\/datenschutzhinweise-fuer-die-antragsstellung-einer-uta-servicekarte\/#primaryimage","url":"https:\/\/www.rewe-group.com\/content\/uploads\/2021\/04\/rewe-group-og-image-2.jpg?t=2026040409","contentUrl":"https:\/\/www.rewe-group.com\/content\/uploads\/2021\/04\/rewe-group-og-image-2.jpg?t=2026040409","width":1200,"height":630,"caption":"Das REWE Group Logo"},{"@type":"WebSite","@id":"https:\/\/service.rewe-group.com\/de\/#website","url":"https:\/\/service.rewe-group.com\/de\/","name":"Rewe Group Service","description":"","potentialAction":[{"@type":"SearchAction","target":{"@type":"EntryPoint","urlTemplate":"https:\/\/service.rewe-group.com\/de\/?s={search_term_string}"},"query-input":{"@type":"PropertyValueSpecification","valueRequired":true,"valueName":"search_term_string"}}],"inLanguage":"de"}]}},"_links":{"self":[{"href":"https:\/\/service.rewe-group.com\/de\/wp-json\/wp\/v2\/pages\/25066","targetHints":{"allow":["GET"]}}],"collection":[{"href":"https:\/\/service.rewe-group.com\/de\/wp-json\/wp\/v2\/pages"}],"about":[{"href":"https:\/\/service.rewe-group.com\/de\/wp-json\/wp\/v2\/types\/page"}],"author":[{"embeddable":true,"href":"https:\/\/service.rewe-group.com\/de\/wp-json\/wp\/v2\/users\/20"}],"replies":[{"embeddable":true,"href":"https:\/\/service.rewe-group.com\/de\/wp-json\/wp\/v2\/comments?post=25066"}],"version-history":[{"count":1,"href":"https:\/\/service.rewe-group.com\/de\/wp-json\/wp\/v2\/pages\/25066\/revisions"}],"predecessor-version":[{"id":43195,"href":"https:\/\/service.rewe-group.com\/de\/wp-json\/wp\/v2\/pages\/25066\/revisions\/43195"}],"wp:featuredmedia":[{"embeddable":true,"href":"https:\/\/service.rewe-group.com\/de\/wp-json\/wp\/v2\/media\/15005"}],"wp:attachment":[{"href":"https:\/\/service.rewe-group.com\/de\/wp-json\/wp\/v2\/media?parent=25066"}],"wp:term":[{"taxonomy":"category","embeddable":true,"href":"https:\/\/service.rewe-group.com\/de\/wp-json\/wp\/v2\/categories?post=25066"},{"taxonomy":"post_tag","embeddable":true,"href":"https:\/\/service.rewe-group.com\/de\/wp-json\/wp\/v2\/tags?post=25066"}],"curies":[{"name":"wp","href":"https:\/\/api.w.org\/{rel}","templated":true}]}}