{"id":4130,"date":"2020-12-17T13:57:59","date_gmt":"2020-12-17T12:57:59","guid":{"rendered":"https:\/\/www.rewe-group.com\/?page_id=4130"},"modified":"2025-11-14T16:17:45","modified_gmt":"2025-11-14T15:17:45","slug":"datenschutz-berater-trainer","status":"publish","type":"page","link":"https:\/\/service.rewe-group.com\/de\/datenschutz-berater-trainer\/","title":{"rendered":"Datenschutzhinweise f\u00fcr Berater und Trainer"},"content":{"rendered":"\n<div class=\"wp-block-myblocks-template-root template-root\">\n<div class=\"wp-block-myblocks-section block-section section-bg-white section-padding-top section-padding-bottom\">\n<div class=\"wp-block-myblocks-row-full-single row-full-single my-row-block row-full\"><div class=\"myblock-wrapper block-my-text-block block-ingrid\" data-module-name=\"Headline Copy Link\">    <div class=\"textblock margin-row-inner\">\n        <div class=\"entry-content\">\n            \n            <p><strong>1. Wer ist f\u00fcr die Datenverarbeitung verantwortlich?<br \/>\n<\/strong>Verantwortlich f\u00fcr die Verarbeitung Ihrer personenbezogenen Daten ist:<\/p>\n<p>REWE-Zentralfinanz eG<br \/>\nDomstra\u00dfe 20<br \/>\n50668 K\u00f6ln<\/p>\n<p><strong>2. An wen k\u00f6nnen Sie sich bei Fragen zur Datenverarbeitung wenden?<br \/>\n<\/strong>Fragen zur Verarbeitung Ihrer Daten k\u00f6nnen Sie jederzeit an den Datenschutzbeauftragten richten. Die Anschrift des Datenschutzbeauftragten lautet:<\/p>\n<p>REWE-Zentralfinanz eG<br \/>\nDatenschutzbeauftragter<br \/>\nDomstra\u00dfe 20<br \/>\n50668 K\u00f6ln<\/p>\n<p>E-Mail: <a href=\"mailto:datenschutz@rewe-group.com\">datenschutz@rewe-group.com<\/a><\/p>\n<p><strong>3. Welche Daten verarbeiten wir von Ihnen?<br \/>\n<\/strong>Wir verarbeiten Ihre personenbezogenen Daten, sobald ein telefonischer oder pers\u00f6nlicher Austausch erfolgt oder Sie schriftlich mit uns in Kontakt treten. Im Einzelnen umfasst dies folgende Daten: Name, Adresse, Telefonnummern, E-Mailadresse.<\/p>\n<p><strong>4. Besteht eine Pflicht zur Bereitstellung der Daten?<br \/>\n<\/strong>Die Bereitstellung Ihrer Daten ist gesetzlich nicht vorgeschrieben. Bei erforderlichen Daten hat die Nichtbereitstellung zur Folge, dass wir Sie bzw. Ihr Unternehmen bei m\u00f6glichen zuk\u00fcnftigen Ankn\u00fcpfungspunkten f\u00fcr eine Zusammenarbeit nicht ber\u00fccksichtigen k\u00f6nnen.<\/p>\n<p><strong>5. F\u00fcr welche Zwecke verarbeiten wir Ihre Daten und auf welcher Rechtsgrundlage erfolgt dies?<br \/>\n<\/strong>Wir verarbeiten Ihre Daten, um Sie bzw. Ihr Unternehmen bei m\u00f6glichen zuk\u00fcnftigen Ankn\u00fcpfungspunkten kontaktieren und f\u00fcr eine Zusammenarbeit ber\u00fccksichtigen zu k\u00f6nnen.<\/p>\n<p><strong>6. Erfolgt eine automatisierte Verarbeitung f\u00fcr ein Profiling?<br \/>\n<\/strong>Es findet kein Profiling statt.<\/p>\n<p><strong>7. Wer hat Zugang zu Ihren Daten und aus welchem Grund?<br \/>\n<\/strong>Innerhalb von REWE erhalten nur Personen Zugang zu Ihren Daten, die diese zur Erledigung der Ihnen \u00fcbertragenen Aufgaben ben\u00f6tigen.<\/p>\n<p><strong>8. Werden Daten au\u00dferhalb der Europ\u00e4ischen Union verarbeitet?<br \/>\n<\/strong>Die Daten werden nicht au\u00dferhalb der Europ\u00e4ischen Union verarbeitet.<\/p>\n<p><strong>9. Wie lange werden die Daten gespeichert?<br \/>\n<\/strong>Wir speichern Ihre Daten grunds\u00e4tzlich nur so lange, wie wir sie f\u00fcr die jeweiligen Verarbeitungszwecke ben\u00f6tigen. Sind die Daten f\u00fcr die Erf\u00fcllung der in diesen Datenschutzhinweisen genannten Verarbeitungszwecke nicht mehr erforderlich, werden diese gel\u00f6scht.<\/p>\n<p><strong>10. Welche Rechte haben Sie?<\/strong><\/p>\n<p><strong>10.1 Auskunft<br \/>\n<\/strong>Sie k\u00f6nnen Auskunft \u00fcber Ihre von uns verarbeiteten personenbezogenen Daten verlangen.<\/p>\n<p><strong>10.2 Berichtigung<br \/>\n<\/strong>Sollten Ihre Angaben nicht (mehr) zutreffend sein, k\u00f6nnen Sie die Berichtigung Ihrer Daten verlangen. Sollten Ihre Daten unvollst\u00e4ndig sein, k\u00f6nnen Sie eine Vervollst\u00e4ndigung verlangen.<\/p>\n<p><strong>10.3 L\u00f6schung<br \/>\n<\/strong>Sie haben das Recht, die L\u00f6schung Ihrer Daten zu verlangen. Bitte beachten Sie, dass ein Anspruch auf L\u00f6schung von dem Vorliegen eines legitimen Grundes abh\u00e4ngt. Zudem d\u00fcrfen keine Vorschriften bestehen, die uns zur Aufbewahrung Ihrer Daten verpflichten.<\/p>\n<p><strong>10.4 Einschr\u00e4nkung der Verarbeitung<br \/>\n<\/strong>Sie haben das Recht, die Einschr\u00e4nkung der Verarbeitung Ihrer Daten zu verlangen. Bitte beachten Sie, dass ein Anspruch auf Einschr\u00e4nkung der Verarbeitung von dem Vorliegen eines legitimen Grundes abh\u00e4ngt.<\/p>\n<p><strong>10.5 Widerspruch<br \/>\n<\/strong>Sie haben das Recht, aus Gr\u00fcnden, die sich aus Ihrer besonderen Situation ergeben, gegen die Verarbeitung Ihrer Daten Widerspruch einzulegen. Im Falle eines berechtigten Widerspruchs werden wir Ihre Daten nicht mehr verarbeiten.<\/p>\n<p><strong>10.6 Widerspruch gegen die Verarbeitung Ihrer Daten f\u00fcr Zwecke der Direktwerbung<br \/>\n<\/strong>Sie haben das Recht, jederzeit Widerspruch gegen die Verarbeitung Ihrer Daten f\u00fcr Zwecke der Direktwerbung einzulegen. Das gilt auch f\u00fcr das mit einer Direktwerbung in Verbindung stehende Profiling. Ihren Widerspruch k\u00f6nnen Sie formfrei an uns richten, am besten an die oben genannten Kontaktdaten unter Angabe des Stichworts <q>Widerspruch gegen die Verarbeitung meiner personenbezogenen Daten f\u00fcr Werbezwecke<\/q><\/p>\n<p><strong>10.7 Beschwerderecht<br \/>\n<\/strong>Sie sind berechtigt, bei einer Datenschutzaufsichtsbeh\u00f6rde Beschwerde einzureichen, wenn Sie mit der Verarbeitung Ihrer Daten nicht einverstanden sind.<\/p>\n<p><strong>10.8 Widerruf Ihrer Einwilligung<br \/>\n<\/strong>Sie haben das Recht, eine Einwilligung in die Verarbeitung Ihrer Daten, welche Sie uns gegen\u00fcber erteilt haben, jederzeit zu widerrufen. Dies gilt auch f\u00fcr den Widerruf von Einwilligungserkl\u00e4rungen, die Sie uns gegen\u00fcber vor Geltung der Datenschutz-Grundverordnung, also vor dem 25.05.2018, abgegeben haben. Am einfachsten k\u00f6nnen Sie eine von Ihnen erteilte Einwilligung widerrufen, indem Sie sich per E-Mail an die oben genannten Kontaktdaten wenden. Der Widerruf der Einwilligung ber\u00fchrt nicht die Rechtm\u00e4\u00dfigkeit der bis zum Widerruf durchgef\u00fchrten Verarbeitung Ihrer Daten.<\/p>\n        <\/div>\n\n            <\/div>\n<\/div><\/div>\n<\/div>\n<\/div>\n","protected":false},"excerpt":{"rendered":"<p>Das jeweils verantwortliche Unternehmen der REWE Group (nachfolgend \u201eREWE\u201c oder \u201ewir\u201c genannt), verarbeitet Ihre Daten, um mit Ihnen in Kontakt zu treten. Mit den vorliegenden Datenschutzhinweisen m\u00f6chten wir Sie insbesondere \u00fcber Umfang und Zweck der Verarbeitung sowie Ihre Rechte als Betroffener informieren (Stand: 01.01.2019).<\/p>\n","protected":false},"author":20,"featured_media":15005,"parent":0,"menu_order":125,"comment_status":"closed","ping_status":"closed","template":"","meta":{"_acf_changed":false,"_relevanssi_hide_post":"","_relevanssi_hide_content":"","_relevanssi_pin_for_all":"","_relevanssi_pin_keywords":"","_relevanssi_unpin_keywords":"","_relevanssi_related_keywords":"","_relevanssi_related_include_ids":"","_relevanssi_related_exclude_ids":"","_relevanssi_related_no_append":"","_relevanssi_related_not_related":"","_relevanssi_related_posts":"","_relevanssi_noindex_reason":"","footnotes":""},"categories":[],"tags":[],"class_list":["post-4130","page","type-page","status-publish","has-post-thumbnail","hentry"],"acf":[],"yoast_head":"<!-- This site is optimized with the Yoast SEO Premium plugin v27.1 (Yoast SEO v27.1.1) - https:\/\/yoast.com\/product\/yoast-seo-premium-wordpress\/ -->\n<title>Datenschutzhinweise f\u00fcr Berater und Trainer - Rewe Group Service<\/title>\n<meta name=\"description\" content=\"Das jeweils verantwortliche Unternehmen der REWE Group verarbeitet Ihre Daten, um mit Ihnen in Kontakt zu treten. Weitere Informationen.\" \/>\n<meta name=\"robots\" content=\"noindex, follow, max-snippet:-1, max-image-preview:large, max-video-preview:-1\" \/>\n<meta property=\"og:locale\" content=\"de_DE\" \/>\n<meta property=\"og:type\" content=\"article\" \/>\n<meta property=\"og:title\" content=\"Datenschutzhinweise f\u00fcr Berater und Trainer\" \/>\n<meta property=\"og:description\" content=\"Das jeweils verantwortliche Unternehmen der REWE Group verarbeitet Ihre Daten, um mit Ihnen in Kontakt zu treten. Weitere Informationen.\" \/>\n<meta property=\"og:url\" content=\"https:\/\/service.rewe-group.com\/de\/datenschutz-berater-trainer\/\" \/>\n<meta property=\"og:site_name\" content=\"Rewe Group Service\" \/>\n<meta property=\"article:modified_time\" content=\"2025-11-14T15:17:45+00:00\" \/>\n<meta property=\"og:image\" content=\"https:\/\/www.rewe-group.com\/content\/uploads\/2021\/04\/rewe-group-og-image-2.jpg?t=2025111403\" \/>\n\t<meta property=\"og:image:width\" content=\"1200\" \/>\n\t<meta property=\"og:image:height\" content=\"630\" \/>\n\t<meta property=\"og:image:type\" content=\"image\/jpeg\" \/>\n<meta name=\"twitter:card\" content=\"summary_large_image\" \/>\n<meta name=\"twitter:label1\" content=\"Gesch\u00e4tzte Lesezeit\" \/>\n\t<meta name=\"twitter:data1\" content=\"4\u00a0Minuten\" \/>\n<script type=\"application\/ld+json\" class=\"yoast-schema-graph\">{\"@context\":\"https:\/\/schema.org\",\"@graph\":[{\"@type\":\"WebPage\",\"@id\":\"https:\/\/service.rewe-group.com\/de\/datenschutz-berater-trainer\/\",\"url\":\"https:\/\/service.rewe-group.com\/de\/datenschutz-berater-trainer\/\",\"name\":\"Datenschutzhinweise f\u00fcr Berater und Trainer - Rewe Group Service\",\"isPartOf\":{\"@id\":\"https:\/\/service.rewe-group.com\/de\/#website\"},\"primaryImageOfPage\":{\"@id\":\"https:\/\/service.rewe-group.com\/de\/datenschutz-berater-trainer\/#primaryimage\"},\"image\":{\"@id\":\"https:\/\/service.rewe-group.com\/de\/datenschutz-berater-trainer\/#primaryimage\"},\"thumbnailUrl\":\"https:\/\/www.rewe-group.com\/content\/uploads\/2021\/04\/rewe-group-og-image-2.jpg?t=2026040408\",\"datePublished\":\"2020-12-17T12:57:59+00:00\",\"dateModified\":\"2025-11-14T15:17:45+00:00\",\"description\":\"Das jeweils verantwortliche Unternehmen der REWE Group verarbeitet Ihre Daten, um mit Ihnen in Kontakt zu treten. Weitere Informationen.\",\"inLanguage\":\"de\",\"potentialAction\":[{\"@type\":\"ReadAction\",\"target\":[\"https:\/\/service.rewe-group.com\/de\/datenschutz-berater-trainer\/\"]}]},{\"@type\":\"ImageObject\",\"inLanguage\":\"de\",\"@id\":\"https:\/\/service.rewe-group.com\/de\/datenschutz-berater-trainer\/#primaryimage\",\"url\":\"https:\/\/www.rewe-group.com\/content\/uploads\/2021\/04\/rewe-group-og-image-2.jpg?t=2026040408\",\"contentUrl\":\"https:\/\/www.rewe-group.com\/content\/uploads\/2021\/04\/rewe-group-og-image-2.jpg?t=2026040408\",\"width\":1200,\"height\":630,\"caption\":\"Das REWE Group Logo\"},{\"@type\":\"WebSite\",\"@id\":\"https:\/\/service.rewe-group.com\/de\/#website\",\"url\":\"https:\/\/service.rewe-group.com\/de\/\",\"name\":\"Rewe Group Service\",\"description\":\"\",\"potentialAction\":[{\"@type\":\"SearchAction\",\"target\":{\"@type\":\"EntryPoint\",\"urlTemplate\":\"https:\/\/service.rewe-group.com\/de\/?s={search_term_string}\"},\"query-input\":{\"@type\":\"PropertyValueSpecification\",\"valueRequired\":true,\"valueName\":\"search_term_string\"}}],\"inLanguage\":\"de\"}]}<\/script>\n<!-- \/ Yoast SEO Premium plugin. -->","yoast_head_json":{"title":"Datenschutzhinweise f\u00fcr Berater und Trainer - Rewe Group Service","description":"Das jeweils verantwortliche Unternehmen der REWE Group verarbeitet Ihre Daten, um mit Ihnen in Kontakt zu treten. Weitere Informationen.","robots":{"index":"noindex","follow":"follow","max-snippet":"max-snippet:-1","max-image-preview":"max-image-preview:large","max-video-preview":"max-video-preview:-1"},"og_locale":"de_DE","og_type":"article","og_title":"Datenschutzhinweise f\u00fcr Berater und Trainer","og_description":"Das jeweils verantwortliche Unternehmen der REWE Group verarbeitet Ihre Daten, um mit Ihnen in Kontakt zu treten. Weitere Informationen.","og_url":"https:\/\/service.rewe-group.com\/de\/datenschutz-berater-trainer\/","og_site_name":"Rewe Group Service","article_modified_time":"2025-11-14T15:17:45+00:00","og_image":[{"width":1200,"height":630,"url":"https:\/\/www.rewe-group.com\/content\/uploads\/2021\/04\/rewe-group-og-image-2.jpg?t=2025111403","type":"image\/jpeg"}],"twitter_card":"summary_large_image","twitter_misc":{"Gesch\u00e4tzte Lesezeit":"4\u00a0Minuten"},"schema":{"@context":"https:\/\/schema.org","@graph":[{"@type":"WebPage","@id":"https:\/\/service.rewe-group.com\/de\/datenschutz-berater-trainer\/","url":"https:\/\/service.rewe-group.com\/de\/datenschutz-berater-trainer\/","name":"Datenschutzhinweise f\u00fcr Berater und Trainer - Rewe Group Service","isPartOf":{"@id":"https:\/\/service.rewe-group.com\/de\/#website"},"primaryImageOfPage":{"@id":"https:\/\/service.rewe-group.com\/de\/datenschutz-berater-trainer\/#primaryimage"},"image":{"@id":"https:\/\/service.rewe-group.com\/de\/datenschutz-berater-trainer\/#primaryimage"},"thumbnailUrl":"https:\/\/www.rewe-group.com\/content\/uploads\/2021\/04\/rewe-group-og-image-2.jpg?t=2026040408","datePublished":"2020-12-17T12:57:59+00:00","dateModified":"2025-11-14T15:17:45+00:00","description":"Das jeweils verantwortliche Unternehmen der REWE Group verarbeitet Ihre Daten, um mit Ihnen in Kontakt zu treten. Weitere Informationen.","inLanguage":"de","potentialAction":[{"@type":"ReadAction","target":["https:\/\/service.rewe-group.com\/de\/datenschutz-berater-trainer\/"]}]},{"@type":"ImageObject","inLanguage":"de","@id":"https:\/\/service.rewe-group.com\/de\/datenschutz-berater-trainer\/#primaryimage","url":"https:\/\/www.rewe-group.com\/content\/uploads\/2021\/04\/rewe-group-og-image-2.jpg?t=2026040408","contentUrl":"https:\/\/www.rewe-group.com\/content\/uploads\/2021\/04\/rewe-group-og-image-2.jpg?t=2026040408","width":1200,"height":630,"caption":"Das REWE Group Logo"},{"@type":"WebSite","@id":"https:\/\/service.rewe-group.com\/de\/#website","url":"https:\/\/service.rewe-group.com\/de\/","name":"Rewe Group Service","description":"","potentialAction":[{"@type":"SearchAction","target":{"@type":"EntryPoint","urlTemplate":"https:\/\/service.rewe-group.com\/de\/?s={search_term_string}"},"query-input":{"@type":"PropertyValueSpecification","valueRequired":true,"valueName":"search_term_string"}}],"inLanguage":"de"}]}},"_links":{"self":[{"href":"https:\/\/service.rewe-group.com\/de\/wp-json\/wp\/v2\/pages\/4130","targetHints":{"allow":["GET"]}}],"collection":[{"href":"https:\/\/service.rewe-group.com\/de\/wp-json\/wp\/v2\/pages"}],"about":[{"href":"https:\/\/service.rewe-group.com\/de\/wp-json\/wp\/v2\/types\/page"}],"author":[{"embeddable":true,"href":"https:\/\/service.rewe-group.com\/de\/wp-json\/wp\/v2\/users\/20"}],"replies":[{"embeddable":true,"href":"https:\/\/service.rewe-group.com\/de\/wp-json\/wp\/v2\/comments?post=4130"}],"version-history":[{"count":1,"href":"https:\/\/service.rewe-group.com\/de\/wp-json\/wp\/v2\/pages\/4130\/revisions"}],"predecessor-version":[{"id":43194,"href":"https:\/\/service.rewe-group.com\/de\/wp-json\/wp\/v2\/pages\/4130\/revisions\/43194"}],"wp:featuredmedia":[{"embeddable":true,"href":"https:\/\/service.rewe-group.com\/de\/wp-json\/wp\/v2\/media\/15005"}],"wp:attachment":[{"href":"https:\/\/service.rewe-group.com\/de\/wp-json\/wp\/v2\/media?parent=4130"}],"wp:term":[{"taxonomy":"category","embeddable":true,"href":"https:\/\/service.rewe-group.com\/de\/wp-json\/wp\/v2\/categories?post=4130"},{"taxonomy":"post_tag","embeddable":true,"href":"https:\/\/service.rewe-group.com\/de\/wp-json\/wp\/v2\/tags?post=4130"}],"curies":[{"name":"wp","href":"https:\/\/api.w.org\/{rel}","templated":true}]}}