{"id":4249,"date":"2020-12-17T16:11:24","date_gmt":"2020-12-17T15:11:24","guid":{"rendered":"https:\/\/www.rewe-group.com\/?page_id=4249"},"modified":"2025-11-14T16:18:51","modified_gmt":"2025-11-14T15:18:51","slug":"impressum-rewegroup-geschaeftsbericht-2017","status":"publish","type":"page","link":"https:\/\/service.rewe-group.com\/de\/impressum-rewegroup-geschaeftsbericht-2017\/","title":{"rendered":"Impressum REWE Group-Gesch\u00e4fts&shy;bericht 2017"},"content":{"rendered":"\n<div class=\"wp-block-myblocks-template-root template-root\">\n<div class=\"wp-block-myblocks-section block-section section-bg-white section-padding-top section-padding-bottom\">\n<div class=\"wp-block-myblocks-row-full-single row-full-single my-row-block row-full\"><div class=\"myblock-wrapper block-my-text-block block-ingrid\" data-module-name=\"Headline Copy Link\">    <div class=\"textblock margin-row-inner\">\n        <div class=\"entry-content\">\n            <h2 class=\"smaller\">Impressum<\/h2>\n            <p><strong>REWE-ZENTRALFINANZ EG, K\u00d6LN<\/strong><\/p>\n<p>Domstra\u00dfe 20<br \/>\n50668 K\u00f6ln<br \/>\nTel.: +49 (0) 221 149-0<br \/>\nE-Mail: presse(at)rewe-group.com<\/p>\n<p><strong>Vorstand<\/strong><br \/>\nLionel Souque (Vorsitzender)<br \/>\nJan Kunath (stv. Vorsitzender)<br \/>\nDr. Daniela B\u00fcchel<br \/>\nChristoph Eltze<br \/>\nPeter Maly<br \/>\nHans-J\u00fcrgen Moog<br \/>\nTelerik Schischmanow<\/p>\n<p><strong>Aufsichtsratsvorsitzender<\/strong><br \/>\nErich Stockhausen<\/p>\n<p><strong>Registergericht<\/strong><br \/>\nAmtsgericht K\u00f6ln (GnR 631)<\/p>\n<p><strong>Umsatzsteueridentifikationsnummer<\/strong><br \/>\nDE 122 789 630<\/p>\n<p><strong>REWE &#8211; ZENTRAL- AKTIENGESELLSCHAFT, K\u00d6LN<\/strong><\/p>\n<p>Domstra\u00dfe 20<br \/>\n50668 K\u00f6ln<br \/>\nTel.: +49 (0) 221 149-0<br \/>\nE-Mail: presse(at)rewe-group.com<\/p>\n<p><strong>Vorstand<\/strong><br \/>\nLionel Souque (Vorsitzender)<br \/>\nJan Kunath (stv. Vorsitzender)<br \/>\nChristoph Eltze<br \/>\n\u200b\u200b\u200b\u200b\u200b\u200b\u200bTelerik Schischmanow<\/p>\n<p><strong>Aufsichtsratsvorsitzender<\/strong><br \/>\nErich Stockhausen<\/p>\n<p><strong>Registergericht<\/strong><br \/>\nAmtsgericht K\u00f6ln HRB 5281<\/p>\n<p><strong>Umsatzsteueridentifikationsnummer<\/strong><br \/>\nDE 122 789 648<\/p>\n<p><strong>Pr\u00fcfungsverband<\/strong>: DGRV &#8211; Deutscher Genossenschafts- und Raiffeisenverband e.V.<br \/>\nmit Sitz in Berlin<\/p>\n        <\/div>\n\n            <\/div>\n<\/div><\/div>\n\n\n\n<div class=\"wp-block-myblocks-row-full-single row-full-single my-row-block row-full\"><div class=\"myblock-wrapper block-my-text-block block-ingrid\" data-module-name=\"Headline Copy Link\">    <div class=\"textblock margin-row-inner\">\n        <div class=\"entry-content\">\n            <h2 class=\"smaller\">Herausgeber<\/h2>\n            <p>Der Online-Gesch\u00e4ftsbericht wurde erstellt und herausgegeben von der <strong>REWE ZENTRALFINANZ eG<\/strong> \u2013 REWE Group Unternehmenskommunikation, verantwortlich Ines Schurin, Andrea Dederichs, Tel.: 0221 149-1050, E-Mail: presse(at)rewe-group.com Die Konzeption, Gestaltung und Realisierung erfolgte in Zusammenarbeit mit der Agentur KD1.<\/p>\n<p><strong>Verantwortlicher\/r i.S.d \u00a7 18 Abs. 2 MStV:<br \/>\n<\/strong>Ines Schurin, Domstra\u00dfe 20, D &#8211; 50668 K\u00f6ln<\/p>\n<p><strong>Hinweis zu den Inhalten des Online-Gesch\u00e4ftsberichts:<\/strong> Dieser REWE Group Online-Gesch\u00e4ftsbericht enth\u00e4lt zukunftsbezogene Aussagen, die auf Einsch\u00e4tzungen k\u00fcnftiger Entwicklungen seitens des Vorstands basieren. Die Aussagen und Prognosen stellen Einsch\u00e4tzungen dar, die auf Basis aller zum 20. Juni 2018 zur Verf\u00fcgung stehenden Informationen getroffen wurden. Sollten die den Aussagen und Prognosen zugrunde gelegten Annahmen nicht eintreffen, so k\u00f6nnen die tats\u00e4chlichen Ergebnisse von den zurzeit erwarteten abweichen.<\/p>\n<p><strong>Bildnachweise:<\/strong> Die Vorstandsfotos entstanden in Zusammenarbeit mit Frank Wartenberg.<\/p>\n<p>Startseite:<br \/>\nBild im Teaser zum Nachhaltigkeitsbericht: Ingram Image<\/p>\n<p>Magazin-Teil:<\/p>\n<p>Artikel <q>WIE SEHEN DIE M\u00c4RKTE DER ZUKUNFT AUS?<\/q> Titelfoto und Marktfotos REWE Meckesheim: Umdasch Shopfitting GmbH. Artikel <q>WIE FINDEN WIR MORGEN DIE RICHTIGEN MITARBEITER?<\/q> Basis f\u00fcr die Bildmontage Plakat PENNY, DER Brosch\u00fcre und Anzeige REWE Group: shutterstock<\/p>\n<p>Unternehmens-Teil:<\/p>\n<p>Fotos in REWE Group-Meilensteinen &#8211; Foto REWE To Go-Shop bei Aral: Aral<br \/>\nFotos im Bericht des Vorstands &#8211; Foto BILLA Au\u00dfenansicht: BILLA AG\/Dusek Die o.g. Bildnachweise gelten auch f\u00fcr den Meilensteine-Film. \u00a0 \u00a9 REWE-ZENTRALFINANZ eG, K\u00f6ln.<\/p>\n<p>Alle Rechte vorbehalten.<\/p>\n<p><strong>Verbraucherschlichtung:<\/strong><\/p>\n<p>Die REWE-ZENTRALFINANZ eG und die REWE &#8211; Zentral AG nehmen nicht an Streitbeilegungsverfahren einer Verbraucherschlichtungsstelle teil und sind dazu auch nicht verpflichtet.<\/p>\n        <\/div>\n\n            <\/div>\n<\/div><\/div>\n<\/div>\n<\/div>\n","protected":false},"excerpt":{"rendered":"","protected":false},"author":20,"featured_media":436,"parent":0,"menu_order":135,"comment_status":"closed","ping_status":"closed","template":"","meta":{"_acf_changed":false,"_relevanssi_hide_post":"","_relevanssi_hide_content":"","_relevanssi_pin_for_all":"","_relevanssi_pin_keywords":"","_relevanssi_unpin_keywords":"","_relevanssi_related_keywords":"","_relevanssi_related_include_ids":"","_relevanssi_related_exclude_ids":"","_relevanssi_related_no_append":"","_relevanssi_related_not_related":"","_relevanssi_related_posts":"","_relevanssi_noindex_reason":"","footnotes":""},"categories":[],"tags":[],"class_list":["post-4249","page","type-page","status-publish","has-post-thumbnail","hentry"],"acf":[],"yoast_head":"<!-- This site is optimized with the Yoast SEO Premium plugin v27.1 (Yoast SEO v27.1.1) - https:\/\/yoast.com\/product\/yoast-seo-premium-wordpress\/ -->\n<title>Impressum REWE Group-Gesch\u00e4fts&shy;bericht 2017 - Rewe Group Service<\/title>\n<meta name=\"robots\" content=\"noindex, follow, max-snippet:-1, max-image-preview:large, max-video-preview:-1\" \/>\n<meta property=\"og:locale\" content=\"de_DE\" \/>\n<meta property=\"og:type\" content=\"article\" \/>\n<meta property=\"og:title\" content=\"Impressum REWE Group-Gesch\u00e4fts&shy;bericht 2017\" \/>\n<meta property=\"og:url\" content=\"https:\/\/service.rewe-group.com\/de\/impressum-rewegroup-geschaeftsbericht-2017\/\" \/>\n<meta property=\"og:site_name\" content=\"Rewe Group Service\" \/>\n<meta property=\"article:modified_time\" content=\"2025-11-14T15:18:51+00:00\" \/>\n<meta property=\"og:image\" content=\"https:\/\/www.rewe-group.com\/content\/uploads\/2020\/11\/REWE-Group-Logo-scaled-1.jpg?t=2025111403\" \/>\n\t<meta property=\"og:image:width\" content=\"2560\" \/>\n\t<meta property=\"og:image:height\" content=\"1707\" \/>\n\t<meta property=\"og:image:type\" content=\"image\/jpeg\" \/>\n<meta name=\"twitter:card\" content=\"summary_large_image\" \/>\n<script type=\"application\/ld+json\" class=\"yoast-schema-graph\">{\"@context\":\"https:\/\/schema.org\",\"@graph\":[{\"@type\":\"WebPage\",\"@id\":\"https:\/\/service.rewe-group.com\/de\/impressum-rewegroup-geschaeftsbericht-2017\/\",\"url\":\"https:\/\/service.rewe-group.com\/de\/impressum-rewegroup-geschaeftsbericht-2017\/\",\"name\":\"Impressum REWE Group-Gesch\u00e4fts&shy;bericht 2017 - Rewe Group Service\",\"isPartOf\":{\"@id\":\"https:\/\/service.rewe-group.com\/de\/#website\"},\"primaryImageOfPage\":{\"@id\":\"https:\/\/service.rewe-group.com\/de\/impressum-rewegroup-geschaeftsbericht-2017\/#primaryimage\"},\"image\":{\"@id\":\"https:\/\/service.rewe-group.com\/de\/impressum-rewegroup-geschaeftsbericht-2017\/#primaryimage\"},\"thumbnailUrl\":\"https:\/\/www.rewe-group.com\/content\/uploads\/2020\/11\/REWE-Group-Logo-scaled-1.jpg?t=2026040402\",\"datePublished\":\"2020-12-17T15:11:24+00:00\",\"dateModified\":\"2025-11-14T15:18:51+00:00\",\"inLanguage\":\"de\",\"potentialAction\":[{\"@type\":\"ReadAction\",\"target\":[\"https:\/\/service.rewe-group.com\/de\/impressum-rewegroup-geschaeftsbericht-2017\/\"]}]},{\"@type\":\"ImageObject\",\"inLanguage\":\"de\",\"@id\":\"https:\/\/service.rewe-group.com\/de\/impressum-rewegroup-geschaeftsbericht-2017\/#primaryimage\",\"url\":\"https:\/\/www.rewe-group.com\/content\/uploads\/2020\/11\/REWE-Group-Logo-scaled-1.jpg?t=2026040402\",\"contentUrl\":\"https:\/\/www.rewe-group.com\/content\/uploads\/2020\/11\/REWE-Group-Logo-scaled-1.jpg?t=2026040402\",\"width\":2560,\"height\":1707,\"caption\":\"Das REWE Group Logo beleuchtet\"},{\"@type\":\"WebSite\",\"@id\":\"https:\/\/service.rewe-group.com\/de\/#website\",\"url\":\"https:\/\/service.rewe-group.com\/de\/\",\"name\":\"Rewe Group Service\",\"description\":\"\",\"potentialAction\":[{\"@type\":\"SearchAction\",\"target\":{\"@type\":\"EntryPoint\",\"urlTemplate\":\"https:\/\/service.rewe-group.com\/de\/?s={search_term_string}\"},\"query-input\":{\"@type\":\"PropertyValueSpecification\",\"valueRequired\":true,\"valueName\":\"search_term_string\"}}],\"inLanguage\":\"de\"}]}<\/script>\n<!-- \/ Yoast SEO Premium plugin. -->","yoast_head_json":{"title":"Impressum REWE Group-Gesch\u00e4fts&shy;bericht 2017 - Rewe Group Service","robots":{"index":"noindex","follow":"follow","max-snippet":"max-snippet:-1","max-image-preview":"max-image-preview:large","max-video-preview":"max-video-preview:-1"},"og_locale":"de_DE","og_type":"article","og_title":"Impressum REWE Group-Gesch\u00e4fts&shy;bericht 2017","og_url":"https:\/\/service.rewe-group.com\/de\/impressum-rewegroup-geschaeftsbericht-2017\/","og_site_name":"Rewe Group Service","article_modified_time":"2025-11-14T15:18:51+00:00","og_image":[{"width":2560,"height":1707,"url":"https:\/\/www.rewe-group.com\/content\/uploads\/2020\/11\/REWE-Group-Logo-scaled-1.jpg?t=2025111403","type":"image\/jpeg"}],"twitter_card":"summary_large_image","schema":{"@context":"https:\/\/schema.org","@graph":[{"@type":"WebPage","@id":"https:\/\/service.rewe-group.com\/de\/impressum-rewegroup-geschaeftsbericht-2017\/","url":"https:\/\/service.rewe-group.com\/de\/impressum-rewegroup-geschaeftsbericht-2017\/","name":"Impressum REWE Group-Gesch\u00e4fts&shy;bericht 2017 - Rewe Group Service","isPartOf":{"@id":"https:\/\/service.rewe-group.com\/de\/#website"},"primaryImageOfPage":{"@id":"https:\/\/service.rewe-group.com\/de\/impressum-rewegroup-geschaeftsbericht-2017\/#primaryimage"},"image":{"@id":"https:\/\/service.rewe-group.com\/de\/impressum-rewegroup-geschaeftsbericht-2017\/#primaryimage"},"thumbnailUrl":"https:\/\/www.rewe-group.com\/content\/uploads\/2020\/11\/REWE-Group-Logo-scaled-1.jpg?t=2026040402","datePublished":"2020-12-17T15:11:24+00:00","dateModified":"2025-11-14T15:18:51+00:00","inLanguage":"de","potentialAction":[{"@type":"ReadAction","target":["https:\/\/service.rewe-group.com\/de\/impressum-rewegroup-geschaeftsbericht-2017\/"]}]},{"@type":"ImageObject","inLanguage":"de","@id":"https:\/\/service.rewe-group.com\/de\/impressum-rewegroup-geschaeftsbericht-2017\/#primaryimage","url":"https:\/\/www.rewe-group.com\/content\/uploads\/2020\/11\/REWE-Group-Logo-scaled-1.jpg?t=2026040402","contentUrl":"https:\/\/www.rewe-group.com\/content\/uploads\/2020\/11\/REWE-Group-Logo-scaled-1.jpg?t=2026040402","width":2560,"height":1707,"caption":"Das REWE Group Logo beleuchtet"},{"@type":"WebSite","@id":"https:\/\/service.rewe-group.com\/de\/#website","url":"https:\/\/service.rewe-group.com\/de\/","name":"Rewe Group Service","description":"","potentialAction":[{"@type":"SearchAction","target":{"@type":"EntryPoint","urlTemplate":"https:\/\/service.rewe-group.com\/de\/?s={search_term_string}"},"query-input":{"@type":"PropertyValueSpecification","valueRequired":true,"valueName":"search_term_string"}}],"inLanguage":"de"}]}},"_links":{"self":[{"href":"https:\/\/service.rewe-group.com\/de\/wp-json\/wp\/v2\/pages\/4249","targetHints":{"allow":["GET"]}}],"collection":[{"href":"https:\/\/service.rewe-group.com\/de\/wp-json\/wp\/v2\/pages"}],"about":[{"href":"https:\/\/service.rewe-group.com\/de\/wp-json\/wp\/v2\/types\/page"}],"author":[{"embeddable":true,"href":"https:\/\/service.rewe-group.com\/de\/wp-json\/wp\/v2\/users\/20"}],"replies":[{"embeddable":true,"href":"https:\/\/service.rewe-group.com\/de\/wp-json\/wp\/v2\/comments?post=4249"}],"version-history":[{"count":1,"href":"https:\/\/service.rewe-group.com\/de\/wp-json\/wp\/v2\/pages\/4249\/revisions"}],"predecessor-version":[{"id":44876,"href":"https:\/\/service.rewe-group.com\/de\/wp-json\/wp\/v2\/pages\/4249\/revisions\/44876"}],"wp:featuredmedia":[{"embeddable":true,"href":"https:\/\/service.rewe-group.com\/de\/wp-json\/wp\/v2\/media\/436"}],"wp:attachment":[{"href":"https:\/\/service.rewe-group.com\/de\/wp-json\/wp\/v2\/media?parent=4249"}],"wp:term":[{"taxonomy":"category","embeddable":true,"href":"https:\/\/service.rewe-group.com\/de\/wp-json\/wp\/v2\/categories?post=4249"},{"taxonomy":"post_tag","embeddable":true,"href":"https:\/\/service.rewe-group.com\/de\/wp-json\/wp\/v2\/tags?post=4249"}],"curies":[{"name":"wp","href":"https:\/\/api.w.org\/{rel}","templated":true}]}}