{"id":9642,"date":"2021-01-11T21:01:00","date_gmt":"2021-01-11T20:01:00","guid":{"rendered":"https:\/\/www.rewe-group.com\/?page_id=9642"},"modified":"2025-11-14T16:15:31","modified_gmt":"2025-11-14T15:15:31","slug":"mitgliedschaft-fuer-mitarbeitende","status":"publish","type":"page","link":"https:\/\/service.rewe-group.com\/de\/pensionskasse\/mitgliedschaft-fuer-mitarbeitende\/","title":{"rendered":"Mitgliedschaft f\u00fcr Mitarbeitende"},"content":{"rendered":"\n<div class=\"wp-block-myblocks-template-root template-root\">\n<div class=\"wp-block-myblocks-section block-section section-bg-white section-padding-top section-padding-bottom\">\n<div class=\"wp-block-myblocks-row-full-single row-full-single my-row-block row-full\"><div class=\"myblock-wrapper block-my-text-block block-ingrid\" data-module-name=\"Headline Copy Link\">    <div class=\"textblock margin-row-inner\">\n        <div class=\"entry-content\">\n            <h2 class=\"smaller\">Mitglied werden<\/h2>\n            <p>Sie haben sich f\u00fcr eine Mitgliedschaft entschieden? Dann f\u00fcllen Sie eine Beitrittserkl\u00e4rung aus und reichen sie bei Ihrem Gehaltssachbearbeiter ein. Marktmitarbeiter, die in einer REWE oder Penny Filiale arbeiten finden das passende Formular <a href=\"https:\/\/www.rewe-group.com\/content\/uploads\/2021\/12\/pensionskasse-beitrittserklaerung-mitarbeitende-einzelhandel-2022.pdf?t=2021121410\" target=\"_blank\" rel=\"noopener\">hier<\/a>, Mitarbeiter aus Partnerm\u00e4rkten <a href=\"https:\/\/www.rewe-group.com\/content\/uploads\/2021\/12\/pensionskasse-beitrittserklaerung-mitarbeitende-kaufleute-2022.pdf?t=2021121410\" target=\"_blank\" rel=\"noopener\">hier<\/a>. Sie sind kein Marktmitarbeiter und Ihr Formular ist nicht dabei? Dann wenden Sie sich bitte direkt an Ihr zust\u00e4ndiges Abrechnungscenter, dort erhalten Sie das entsprechende Formular.<\/p>\n        <\/div>\n\n            <\/div>\n<\/div>\n\n<div class=\"myblock-wrapper block-my-text-block block-ingrid\" data-module-name=\"Headline Copy Link\">    <div class=\"textblock margin-row-inner\">\n        <div class=\"entry-content\">\n            <h2 class=\"smaller\">Ihre Beitr\u00e4ge<\/h2>\n            <p>Sie k\u00f6nnen Ihre eigenen Beitr\u00e4ge in der REWE Group-Pensionskasse jederzeit anheben oder senken. Auch eine Beitragsfreistellung ist zeitlich unbegrenzt m\u00f6glich. Reichen Sie daf\u00fcr einfach eine Beitrittserkl\u00e4rung mit dem gew\u00fcnschten \u00c4nderungsbetrag bei Ihrem Gehaltssachbearbeiter ein.<\/p>\n        <\/div>\n\n            <\/div>\n<\/div>\n\n<div class=\"myblock-wrapper block-my-text-block block-ingrid\" data-module-name=\"Headline Copy Link\">    <div class=\"textblock margin-row-inner\">\n        <div class=\"entry-content\">\n            <h2 class=\"smaller\">Der j\u00e4hrliche Kontoauszug<\/h2>\n            <p>Einmal j\u00e4hrlich erstellt die Pensionskasse einen Kontoauszug, der Ihre erreichte Anwartschaft dokumentiert und Ihnen als Anhaltspunkt f\u00fcr Ihre Vorsorgeplanung dient. Den Kontoauszug k\u00f6nnen Sie online unter <a class=\"disabled\" href=\"https:\/\/web.hhpv.de\/vorsorgeportal\/?corpID=hhpk\" target=\"_blank\" rel=\"noopener\">www.hhpk.de\/MeineHPK <\/a>abrufen. Die Zugangsdaten f\u00fcr die Erstanmeldung finden Sie auf Ihrem Begr\u00fc\u00dfungsschreiben, das Ihnen bei Eintritt in die REWE Group-Pensionskasse zugesendet wird.<\/p>\n        <\/div>\n\n            <\/div>\n<\/div>\n\n<div class=\"myblock-wrapper block-my-text-block block-ingrid\" data-module-name=\"Headline Copy Link\">    <div class=\"textblock margin-row-inner\">\n        <div class=\"entry-content\">\n            <h2 class=\"smaller\">Den Arbeitgeber wechseln<\/h2>\n            <p><strong>a) Sie scheiden aus \u00a0einem Unternehmen der REWE Group aus:<\/strong> Wenn Sie Ihr Arbeitsverh\u00e4ltnis beenden, bleibt Ihr Vorsorgekonto erhalten. H\u00e4ufig erm\u00f6glicht der neue Arbeitgeber die Fortf\u00fchrung Ihres Vorsorgekontos \u2013 auch wenn er kein Mitgliedsunternehmen der Pensionskasse ist. Sie k\u00f6nnen Ihr Vorsorgekonto auch beitragsfrei stehenlassen. Es w\u00e4chst durch die \u00dcberschussbeteiligung der Pensionskasse trotzdem weiter an. Alternativ k\u00f6nnen Sie Ihr Vorsorgekonto aufl\u00f6sen und das Deckungskapital auf die von Ihrem neuen Arbeitgeber beauftragte Einrichtung \u00fcbertragen. Den \u00dcbertragungsantrag auf einen neuen Arbeitgeber finden Sie <a href=\"https:\/\/www.rewe-group.com\/content\/uploads\/2021\/01\/uebertragung-hpk-auf-neuen-arbeitgeber-1.pdf\" target=\"_blank\" rel=\"noopener\">hier<\/a>.<\/p>\n<p><strong>b) Sie treten in ein Unternehmen der REWE Group ein:<\/strong> Dann empfehlen wir Ihnen: Stellen Sie den Altersvorsorgevertrag Ihres Vorarbeitgebers beitragsfrei und beginnen Sie neu in der REWE Group-Pensionskasse. So vermeiden Sie eventuelle \u00dcbertragungsverluste. W\u00fcnschen Sie, den Vertrag Ihres Vorarbeitgebers aufzul\u00f6sen oder war Ihr vorheriger Arbeitgeber auch Mitgliedsunternehmen der Hamburger Pensionskasse, so k\u00f6nnen Sie den \u00dcbertragungswert einfach auf Ihr neues Mitgliedskonto bei der REWE Group-Pensionskasse einzahlen lassen. Die \u00dcbertragungsunterlagen finden Sie <a href=\"https:\/\/www.rewe-group.com\/content\/uploads\/2021\/01\/uebertragung-auf-die-hpk-1.pdf\" target=\"_blank\" rel=\"noopener\">hier<\/a>.<\/p>\n        <\/div>\n\n            <\/div>\n<\/div>\n\n<div class=\"myblock-wrapper block-my-text-block block-ingrid\" data-module-name=\"Headline Copy Link\">    <div class=\"textblock margin-row-inner\">\n        <div class=\"entry-content\">\n            <h2 class=\"smaller\">K\u00fcndigung des Vorsorgekontos <\/h2>\n            <p>Eine vorzeitige Auszahlung des Vorsorgekontos ist nicht m\u00f6glich.<\/p>\n        <\/div>\n\n            <\/div>\n<\/div><\/div>\n<\/div>\n\n\n\n<div class=\"wp-block-myblocks-section block-section section-bg-white section-padding-top section-padding-bottom\">\n<ul class=\"wp-block-myblocks-row-list row-full-2columns my-row-block row-full\">\n<li class=\"wp-block-myblocks-row-list-cell row-cell row-full-2columns-cell my-cell-block\"><div class=\"myblock-wrapper block-my-page-teaser block-ingrid\" data-module-name=\"Teaser Page\">\n<div class=\"page-teaser__wrapper\">\n    <a\n        class=\"page-teaser medium white has-post\"\n        href=\"https:\/\/service.rewe-group.com\/de\/pensionskasse\/leistungen-fuer-mitarbeitende\/\"\n        style=\"\"\n        data-tracking=\"{&quot;event&quot;:&quot;click_teaser&quot;,&quot;link_url&quot;:&quot;https:\\\/\\\/service.rewe-group.com\\\/de\\\/pensionskasse\\\/leistungen-fuer-mitarbeitende\\\/&quot;,&quot;element_name&quot;:&quot;Die Leistungen &lt;br&gt;f\\u00fcr Mitarbeitende&quot;,&quot;modul_name&quot;:&quot;.teaser-page&quot;}\"        target=\"_self\"    >\n                <div class=\"page-teaser__overlay white\"><\/div>\n                <h2 class=\"page-teaser__title\">Die Leistungen <br>f\u00fcr Mitarbeitende<\/h2>        <div class=\"bottom\">\n                        <div class=\"link\">\n                <span class=\"arrow-link\">Zur Bereichsseite<\/span>\n            <\/div>\n        <\/div>\n    <\/a>\n<\/div>\n<\/div><\/li>\n\n\n\n<li class=\"wp-block-myblocks-row-list-cell row-cell row-full-2columns-cell my-cell-block\"><div class=\"myblock-wrapper block-my-page-teaser block-ingrid\" data-module-name=\"Teaser Page\">\n<div class=\"page-teaser__wrapper\">\n    <a\n        class=\"page-teaser medium white has-post\"\n        href=\"https:\/\/service.rewe-group.com\/de\/pensionskasse\/informationen-fuer-mitarbeitende-von-kaufleuten\/\"\n        style=\"\"\n        data-tracking=\"{&quot;event&quot;:&quot;click_teaser&quot;,&quot;link_url&quot;:&quot;https:\\\/\\\/service.rewe-group.com\\\/de\\\/pensionskasse\\\/informationen-fuer-mitarbeitende-von-kaufleuten\\\/&quot;,&quot;element_name&quot;:&quot;Sicher in die Zukunft: &lt;br&gt;Mit der REWE Group-Pensionskasse &quot;,&quot;modul_name&quot;:&quot;.teaser-page&quot;}\"        target=\"_self\"    >\n                <div class=\"page-teaser__overlay white\"><\/div>\n                <h2 class=\"page-teaser__title\">Sicher in die Zukunft: <br>Mit der REWE Group-Pensionskasse <\/h2>        <div class=\"bottom\">\n                        <div class=\"link\">\n                <span class=\"arrow-link\">Zur Bereichsseite<\/span>\n            <\/div>\n        <\/div>\n    <\/a>\n<\/div>\n<\/div><\/li>\n<\/ul>\n\n\n\n<ul class=\"wp-block-myblocks-row-list row-full-2columns my-row-block row-full\">\n<li class=\"wp-block-myblocks-row-list-cell row-cell row-full-2columns-cell my-cell-block\"><div class=\"myblock-wrapper block-my-page-teaser block-ingrid\" data-module-name=\"Teaser Page\">\n<div class=\"page-teaser__wrapper\">\n    <a\n        class=\"page-teaser medium white has-post\"\n        href=\"https:\/\/service.rewe-group.com\/de\/pensionskasse\/unterlagen-fuer-mitarbeitende\/\"\n        style=\"\"\n        data-tracking=\"{&quot;event&quot;:&quot;click_teaser&quot;,&quot;link_url&quot;:&quot;https:\\\/\\\/service.rewe-group.com\\\/de\\\/pensionskasse\\\/unterlagen-fuer-mitarbeitende\\\/&quot;,&quot;element_name&quot;:&quot;Unterlagen f\\u00fcr Mitarbeitende&quot;,&quot;modul_name&quot;:&quot;.teaser-page&quot;}\"        target=\"_self\"    >\n                <div class=\"page-teaser__overlay white\"><\/div>\n                <h2 class=\"page-teaser__title\">Unterlagen f\u00fcr Mitarbeitende<\/h2>        <div class=\"bottom\">\n                        <div class=\"link\">\n                <span class=\"arrow-link\">Zur Bereichsseite<\/span>\n            <\/div>\n        <\/div>\n    <\/a>\n<\/div>\n<\/div><\/li>\n\n\n\n<li class=\"wp-block-myblocks-row-list-cell row-cell row-full-2columns-cell my-cell-block\"><div class=\"myblock-wrapper block-my-page-teaser block-ingrid\" data-module-name=\"Teaser Page\">\n<div class=\"page-teaser__wrapper\">\n    <a\n        class=\"page-teaser medium red has-post\"\n        href=\"https:\/\/service.rewe-group.com\/de\/pensionskasse\/\"\n        style=\"\"\n        data-tracking=\"{&quot;event&quot;:&quot;click_teaser&quot;,&quot;link_url&quot;:&quot;https:\\\/\\\/service.rewe-group.com\\\/de\\\/pensionskasse\\\/&quot;,&quot;element_name&quot;:&quot;Die REWE Group-Pensionskasse&quot;,&quot;modul_name&quot;:&quot;.teaser-page&quot;}\"        target=\"_self\"    >\n                <div class=\"page-teaser__overlay red\"><\/div>\n                <h2 class=\"page-teaser__title\">Die REWE Group-Pensionskasse<\/h2>        <div class=\"bottom\">\n                        <div class=\"link\">\n                <span class=\"arrow-link\">Zur REWE Group Pensionskasse<\/span>\n            <\/div>\n        <\/div>\n    <\/a>\n<\/div>\n<\/div><\/li>\n<\/ul>\n<\/div>\n<\/div>\n","protected":false},"excerpt":{"rendered":"","protected":false},"author":20,"featured_media":0,"parent":4018,"menu_order":110,"comment_status":"closed","ping_status":"closed","template":"","meta":{"_acf_changed":false,"_relevanssi_hide_post":"","_relevanssi_hide_content":"","_relevanssi_pin_for_all":"","_relevanssi_pin_keywords":"","_relevanssi_unpin_keywords":"","_relevanssi_related_keywords":"","_relevanssi_related_include_ids":"","_relevanssi_related_exclude_ids":"","_relevanssi_related_no_append":"","_relevanssi_related_not_related":"","_relevanssi_related_posts":"","_relevanssi_noindex_reason":"","footnotes":""},"categories":[4],"tags":[],"class_list":["post-9642","page","type-page","status-publish","hentry","category-unternehmen"],"acf":[],"yoast_head":"<!-- This site is optimized with the Yoast SEO Premium plugin v27.1 (Yoast SEO v27.1.1) - https:\/\/yoast.com\/product\/yoast-seo-premium-wordpress\/ -->\n<title>Mitgliedschaft f\u00fcr Mitarbeitende - Rewe Group Service<\/title>\n<meta name=\"description\" content=\"Hier finden Mitarbeitende von Kaufleuten eine Anleitung zur Anmeldung und Informationen rund um die Mitgliedschaft bei der REWE Group Pensionskasse.\" \/>\n<meta name=\"robots\" content=\"noindex, follow, max-snippet:-1, max-image-preview:large, max-video-preview:-1\" \/>\n<meta property=\"og:locale\" content=\"de_DE\" \/>\n<meta property=\"og:type\" content=\"article\" \/>\n<meta property=\"og:title\" content=\"Mitgliedschaft f\u00fcr Mitarbeitende\" \/>\n<meta property=\"og:description\" content=\"Hier finden Mitarbeitende von Kaufleuten eine Anleitung zur Anmeldung und Informationen rund um die Mitgliedschaft bei der REWE Group Pensionskasse.\" \/>\n<meta property=\"og:url\" content=\"https:\/\/service.rewe-group.com\/de\/pensionskasse\/mitgliedschaft-fuer-mitarbeitende\/\" \/>\n<meta property=\"og:site_name\" content=\"Rewe Group Service\" \/>\n<meta property=\"article:modified_time\" content=\"2025-11-14T15:15:31+00:00\" \/>\n<meta name=\"twitter:card\" content=\"summary_large_image\" \/>\n<script type=\"application\/ld+json\" class=\"yoast-schema-graph\">{\"@context\":\"https:\/\/schema.org\",\"@graph\":[{\"@type\":\"WebPage\",\"@id\":\"https:\/\/service.rewe-group.com\/de\/pensionskasse\/mitgliedschaft-fuer-mitarbeitende\/\",\"url\":\"https:\/\/service.rewe-group.com\/de\/pensionskasse\/mitgliedschaft-fuer-mitarbeitende\/\",\"name\":\"Mitgliedschaft f\u00fcr Mitarbeitende - Rewe Group Service\",\"isPartOf\":{\"@id\":\"https:\/\/service.rewe-group.com\/de\/#website\"},\"datePublished\":\"2021-01-11T20:01:00+00:00\",\"dateModified\":\"2025-11-14T15:15:31+00:00\",\"description\":\"Hier finden Mitarbeitende von Kaufleuten eine Anleitung zur Anmeldung und Informationen rund um die Mitgliedschaft bei der REWE Group Pensionskasse.\",\"breadcrumb\":{\"@id\":\"https:\/\/service.rewe-group.com\/de\/pensionskasse\/mitgliedschaft-fuer-mitarbeitende\/#breadcrumb\"},\"inLanguage\":\"de\",\"potentialAction\":[{\"@type\":\"ReadAction\",\"target\":[\"https:\/\/service.rewe-group.com\/de\/pensionskasse\/mitgliedschaft-fuer-mitarbeitende\/\"]}]},{\"@type\":\"BreadcrumbList\",\"@id\":\"https:\/\/service.rewe-group.com\/de\/pensionskasse\/mitgliedschaft-fuer-mitarbeitende\/#breadcrumb\",\"itemListElement\":[{\"@type\":\"ListItem\",\"position\":1,\"name\":\"Pensionskasse\",\"item\":\"https:\/\/service.rewe-group.com\/de\/pensionskasse\/\"},{\"@type\":\"ListItem\",\"position\":2,\"name\":\"Mitgliedschaft f\u00fcr Mitarbeitende\"}]},{\"@type\":\"WebSite\",\"@id\":\"https:\/\/service.rewe-group.com\/de\/#website\",\"url\":\"https:\/\/service.rewe-group.com\/de\/\",\"name\":\"Rewe Group Service\",\"description\":\"\",\"potentialAction\":[{\"@type\":\"SearchAction\",\"target\":{\"@type\":\"EntryPoint\",\"urlTemplate\":\"https:\/\/service.rewe-group.com\/de\/?s={search_term_string}\"},\"query-input\":{\"@type\":\"PropertyValueSpecification\",\"valueRequired\":true,\"valueName\":\"search_term_string\"}}],\"inLanguage\":\"de\"}]}<\/script>\n<!-- \/ Yoast SEO Premium plugin. -->","yoast_head_json":{"title":"Mitgliedschaft f\u00fcr Mitarbeitende - Rewe Group Service","description":"Hier finden Mitarbeitende von Kaufleuten eine Anleitung zur Anmeldung und Informationen rund um die Mitgliedschaft bei der REWE Group Pensionskasse.","robots":{"index":"noindex","follow":"follow","max-snippet":"max-snippet:-1","max-image-preview":"max-image-preview:large","max-video-preview":"max-video-preview:-1"},"og_locale":"de_DE","og_type":"article","og_title":"Mitgliedschaft f\u00fcr Mitarbeitende","og_description":"Hier finden Mitarbeitende von Kaufleuten eine Anleitung zur Anmeldung und Informationen rund um die Mitgliedschaft bei der REWE Group Pensionskasse.","og_url":"https:\/\/service.rewe-group.com\/de\/pensionskasse\/mitgliedschaft-fuer-mitarbeitende\/","og_site_name":"Rewe Group Service","article_modified_time":"2025-11-14T15:15:31+00:00","twitter_card":"summary_large_image","schema":{"@context":"https:\/\/schema.org","@graph":[{"@type":"WebPage","@id":"https:\/\/service.rewe-group.com\/de\/pensionskasse\/mitgliedschaft-fuer-mitarbeitende\/","url":"https:\/\/service.rewe-group.com\/de\/pensionskasse\/mitgliedschaft-fuer-mitarbeitende\/","name":"Mitgliedschaft f\u00fcr Mitarbeitende - Rewe Group Service","isPartOf":{"@id":"https:\/\/service.rewe-group.com\/de\/#website"},"datePublished":"2021-01-11T20:01:00+00:00","dateModified":"2025-11-14T15:15:31+00:00","description":"Hier finden Mitarbeitende von Kaufleuten eine Anleitung zur Anmeldung und Informationen rund um die Mitgliedschaft bei der REWE Group Pensionskasse.","breadcrumb":{"@id":"https:\/\/service.rewe-group.com\/de\/pensionskasse\/mitgliedschaft-fuer-mitarbeitende\/#breadcrumb"},"inLanguage":"de","potentialAction":[{"@type":"ReadAction","target":["https:\/\/service.rewe-group.com\/de\/pensionskasse\/mitgliedschaft-fuer-mitarbeitende\/"]}]},{"@type":"BreadcrumbList","@id":"https:\/\/service.rewe-group.com\/de\/pensionskasse\/mitgliedschaft-fuer-mitarbeitende\/#breadcrumb","itemListElement":[{"@type":"ListItem","position":1,"name":"Pensionskasse","item":"https:\/\/service.rewe-group.com\/de\/pensionskasse\/"},{"@type":"ListItem","position":2,"name":"Mitgliedschaft f\u00fcr Mitarbeitende"}]},{"@type":"WebSite","@id":"https:\/\/service.rewe-group.com\/de\/#website","url":"https:\/\/service.rewe-group.com\/de\/","name":"Rewe Group Service","description":"","potentialAction":[{"@type":"SearchAction","target":{"@type":"EntryPoint","urlTemplate":"https:\/\/service.rewe-group.com\/de\/?s={search_term_string}"},"query-input":{"@type":"PropertyValueSpecification","valueRequired":true,"valueName":"search_term_string"}}],"inLanguage":"de"}]}},"_links":{"self":[{"href":"https:\/\/service.rewe-group.com\/de\/wp-json\/wp\/v2\/pages\/9642","targetHints":{"allow":["GET"]}}],"collection":[{"href":"https:\/\/service.rewe-group.com\/de\/wp-json\/wp\/v2\/pages"}],"about":[{"href":"https:\/\/service.rewe-group.com\/de\/wp-json\/wp\/v2\/types\/page"}],"author":[{"embeddable":true,"href":"https:\/\/service.rewe-group.com\/de\/wp-json\/wp\/v2\/users\/20"}],"replies":[{"embeddable":true,"href":"https:\/\/service.rewe-group.com\/de\/wp-json\/wp\/v2\/comments?post=9642"}],"version-history":[{"count":1,"href":"https:\/\/service.rewe-group.com\/de\/wp-json\/wp\/v2\/pages\/9642\/revisions"}],"predecessor-version":[{"id":44873,"href":"https:\/\/service.rewe-group.com\/de\/wp-json\/wp\/v2\/pages\/9642\/revisions\/44873"}],"up":[{"embeddable":true,"href":"https:\/\/service.rewe-group.com\/de\/wp-json\/wp\/v2\/pages\/4018"}],"wp:attachment":[{"href":"https:\/\/service.rewe-group.com\/de\/wp-json\/wp\/v2\/media?parent=9642"}],"wp:term":[{"taxonomy":"category","embeddable":true,"href":"https:\/\/service.rewe-group.com\/de\/wp-json\/wp\/v2\/categories?post=9642"},{"taxonomy":"post_tag","embeddable":true,"href":"https:\/\/service.rewe-group.com\/de\/wp-json\/wp\/v2\/tags?post=9642"}],"curies":[{"name":"wp","href":"https:\/\/api.w.org\/{rel}","templated":true}]}}