{"id":9658,"date":"2021-01-11T21:03:02","date_gmt":"2021-01-11T20:03:02","guid":{"rendered":"https:\/\/www.rewe-group.com\/?page_id=9658"},"modified":"2026-03-02T12:15:20","modified_gmt":"2026-03-02T11:15:20","slug":"unterlagen-fuer-mitarbeitende","status":"publish","type":"page","link":"https:\/\/service.rewe-group.com\/de\/pensionskasse\/unterlagen-fuer-mitarbeitende\/","title":{"rendered":"Unterlagen f\u00fcr Mitarbeitende"},"content":{"rendered":"\n<div class=\"wp-block-myblocks-template-root template-root\">\n<div class=\"wp-block-myblocks-section block-section section-bg-white section-padding-top section-padding-bottom\">\n<div class=\"wp-block-myblocks-row-full-single row-full-single my-row-block row-full\"><div class=\"myblock-wrapper block-my-list\" data-module-name=\"List\">    <div class=\"my-list\">\n        <h2 class=\"my-list__hl size-small\">Unterlagen<\/h2>                    <div class=\"my-list__copy entry-content\"><p>Beitrittserkl\u00e4rung zur REWE Group-Pensionskasse<\/p>\n<\/div>\n                <ul class=\"my-list__default\">\n                            <li class=\"entry-content\"><p><a href=\"https:\/\/www.rewe-group.com\/content\/uploads\/2024\/03\/Antrag-Pensionskasse-Einzelhandel-2026.pdf?t=2024030801\" target=\"_blank\" rel=\"noopener\">Mitarbeitende im Einzelhandel &#8211; REWE Group<\/a><\/p>\n<\/li>\n                            <li class=\"entry-content\"><p><a href=\"https:\/\/www.rewe-group.com\/content\/uploads\/2026\/03\/Beitrittserklaerung-MA-Kaufleute-2026.pdf?t=2026030211\" target=\"_blank\" rel=\"noopener\">Mitarbeitende von selbstst\u00e4ndigen Kaufleuten<\/a><\/p>\n<\/li>\n                            <li class=\"entry-content\"><p><a href=\"https:\/\/www.rewe-group.com\/content\/uploads\/2024\/03\/Antrag-Pensionskasse-Toom-Einzelhandel-2026.pdf?t=2026030211\" target=\"_blank\" rel=\"noopener\">Mitarbeitende im Einzelhandel &#8211; toom Baumarkt<\/a><\/p>\n<\/li>\n                            <li class=\"entry-content\"><p>Antr\u00e4ge zu anderen Tarifen oder einzelnen Unternehmen erhalten Sie \u00fcber Ihr zust\u00e4ndiges Abrechnungscenter<\/p>\n<\/li>\n                    <\/ul>\n    <\/div>\n<\/div>\n\n<div class=\"myblock-wrapper block-my-list\" data-module-name=\"List\">    <div class=\"my-list\">\n                            <div class=\"my-list__copy entry-content\"><p>Website der Hamburger Pensionskasse unter www.hhpk.de mit dem Bereich \u201eMeine HPK\u201c, der u.a. folgenden Themen beinhaltet: <\/p>\n<\/div>\n                <ul class=\"my-list__default\">\n                            <li class=\"entry-content\"><p>Kontoauszug<\/p>\n<\/li>\n                            <li class=\"entry-content\"><p>Individueller Rentenrechner (ber\u00fccksichtigt bereits gezahlte Beitr\u00e4ge)<\/p>\n<\/li>\n                            <li class=\"entry-content\"><p>Individueller Vorruhestandsrechner<\/p>\n<\/li>\n                            <li class=\"entry-content\"><p>Rentenantrag<\/p>\n<\/li>\n                    <\/ul>\n    <\/div>\n<\/div>\n\n<div class=\"myblock-wrapper block-my-list\" data-module-name=\"List\">    <div class=\"my-list\">\n                        <ul class=\"my-list__default\">\n                            <li class=\"entry-content\"><p><a href=\"https:\/\/www.rewe-group.com\/content\/uploads\/2021\/01\/tarifbedingungen-f-12-1.pdf\" target=\"_blank\" rel=\"noopener\">Tarifbedingungen Tarif F 12<\/a><\/p>\n<\/li>\n                            <li class=\"entry-content\"><p><a href=\"https:\/\/www.rewe-group.com\/content\/uploads\/2021\/01\/information-zur-mitgliedergruppe-f-1.pdf\" target=\"_blank\" rel=\"noopener\">Informationen zur Mitgliedergruppe F 12<\/a><\/p>\n<\/li>\n                            <li class=\"entry-content\"><p><a href=\"https:\/\/www.rewe-group.com\/content\/uploads\/2021\/01\/uebertragung-auf-die-hpk-1.pdf\" target=\"_blank\" rel=\"noopener\">\u00dcbertragungsunterlagen zur \u00dcbertragung eines Vorvertrages auf die Pensionskasse<\/a><\/p>\n<\/li>\n                            <li class=\"entry-content\"><p><a href=\"https:\/\/www.rewe-group.com\/content\/uploads\/2021\/01\/uebertragung-hpk-auf-neuen-arbeitgeber-1.pdf\" target=\"_blank\" rel=\"noopener\">\u00dcbertragungsunterlagen zur \u00dcbertragung der Pensionskassenanwartschaft auf einen neuen Arbeitgeber<\/a><\/p>\n<\/li>\n                    <\/ul>\n    <\/div>\n<\/div><\/div>\n<\/div>\n\n\n\n<div class=\"wp-block-myblocks-section block-section section-bg-white section-padding-top section-padding-bottom\">\n<div class=\"wp-block-myblocks-row-full-single row-full-single my-row-block row-full\"><div class=\"myblock-wrapper block-my-list\" data-module-name=\"List\">    <div class=\"my-list\">\n        <h2 class=\"my-list__hl\">Kontakte:<\/h2>                <ul class=\"my-list__default\">\n                            <li class=\"entry-content\"><p><strong>Ihr zust\u00e4ndiger Gehaltssachbearbeiter \/ Steuerberater\u00a0<\/strong><br \/>\nFragen zur Beitragszahlung an die Pensionskasse<\/p>\n<\/li>\n                            <li class=\"entry-content\"><p><strong>Hotline der Hamburger Pensionskasse: 040 \u2013 280 145 301<\/strong><\/p>\n<\/li>\n                            <li class=\"entry-content\"><p>E-Mail: <a href=\"mailto:service@hhpv.de\" target=\"_blank\" rel=\"noopener\">service@hhpv.de<\/a><\/p>\n<\/li>\n                    <\/ul>\n    <\/div>\n<\/div>\n\n<div class=\"myblock-wrapper block-my-text-block block-ingrid\" data-module-name=\"Headline Copy Link\">    <div class=\"textblock margin-row-inner\">\n        <div class=\"entry-content\">\n            <h2 class=\"smaller\">FAQ:<\/h2>\n            <p><strong>Ich bin schon \u00fcber 40 \/ 50 \/ 60. Lohnt sich f\u00fcr mich die Teilnahme?<\/strong><br \/>\nJa, denn nur so sparen Sie Steuern und Sozialabgaben und erhalten ggf. noch einen Arbeitgeberzuschuss. Und f\u00fcr den Fall, dass Ihre Rente auf Grund der kurzen Beitragszahlung tats\u00e4chlich gering ausf\u00e4llt, kann sie als einmaliges Kapital (kleiner als 1 % der Beitragsbemessungsgrenze in der Rentenversicherung, 2017: 63,50 \u20ac) ausgezahlt werden.<\/p>\n<p><strong>Was passiert im Falle einer Ehescheidung?<\/strong><br \/>\nMit der Scheidung ordnet das Familiengericht die Aufteilung des Vorsorgekontos nach Ma\u00dfgabe der auf die Ehezeit entfallenden Anteile an. Der geschiedene Ehepartner erh\u00e4lt bei der Pensionskasse ein eigenes Vorsorgekonto.<\/p>\n<p><strong>Kann ich als Mitglied der HPK im Zuge einer Ehescheidung den Ausgleichswert einer externen Teilung im Versorgungsausgleich in die HPK einzahlen?<\/strong><br \/>\nJa, die Einzahlung in die Mitgliedergruppe F der HPK ist grunds\u00e4tzlich m\u00f6glich. Bitte wenden Sie sich an die Hotline der Hamburger Pensionskasse unter 040 \/ 280 145-301.<\/p>\n<p><strong>Ist meine Altersvorsorge vor Pf\u00e4ndung und Anrechnung auf die Grundsicherung (Hartz IV) gesch\u00fctzt?<\/strong><br \/>\nIhre bereits erworbene Anwartschaft bei der Pensionskasse ist in der Beitragsphase vor Hartz IV gesch\u00fctzt und darf nicht angerechnet werden. Sie darf auch nicht gepf\u00e4ndet werden. Auch die weiteren Beitragszahlungen durch Entgeltumwandlung und Arbeitgeberbeitr\u00e4ge k\u00f6nnen Gl\u00e4ubiger grunds\u00e4tzlich nicht pf\u00e4nden. Ausnahmsweise pf\u00e4ndbar sind Beitr\u00e4ge aus Entgeltumwandlung, wenn die Entgeltumwandlung missbr\u00e4uchlich vorgenommen wird. Weitere Beitr\u00e4ge sind auch vor Hartz IV gesch\u00fctzt, soweit sie 4 % des rentenversicherungspflichtigen Bruttoeinkommens (maximal 2.100 Euro, mindestens 60 Euro) nicht \u00fcberschreiten.<\/p>\n<p><strong>Warum gilt eine dreij\u00e4hrige Wartezeit bis zur Invaliden- und Hinterbliebenenrente?<\/strong><br \/>\nDie Pensionskasse steht allen Besch\u00e4ftigten offen \u2013 und das regelm\u00e4\u00dfig ohne umst\u00e4ndliche Gesundheitsfrageb\u00f6gen und Gesundheitspr\u00fcfungen. Zum Schutz aller ist die dreij\u00e4hrige Wartezeit erforderlich.<\/p>\n<p><strong>Warum bietet die Pensionskasse keinen Single-Tarif an? <\/strong><br \/>\nDie Pensionskasse bietet &#8211; genau wie die gesetzliche Rente und die Krankenkasse \u2013 eine Vorsorge f\u00fcr die ganze Familie. Der Ehepartner (auch gleichgeschlechtliche) und die in der Ausbildung befindlichen Kinder sind deshalb ohne zus\u00e4tzliche Beitragszahlung mitversorgt. Die Pensionskasse ist so leistungsstark, dass sie auch f\u00fcr Alleinstehende vorteilhafter als eine private Vorsorge ist. Das gilt erst recht unter Einbeziehung des Arbeitgeberbeitrags. Auf den Hinterbliebenenschutz entf\u00e4llt nur ein durchschnittlicher Beitragsanteil in H\u00f6he von 13 %. Das ist deutlich weniger als die mit der Pensionskasse verbundenen Vorteile wie z.B. die geringen Verwaltungskosten und die Steuer- und Sozialversicherungsfreiheit.<\/p>\n        <\/div>\n\n            <\/div>\n<\/div><\/div>\n<\/div>\n\n\n\n<div class=\"wp-block-myblocks-section block-section section-bg-white section-padding-top section-padding-bottom\">\n<ul class=\"wp-block-myblocks-row-list row-full-2columns my-row-block row-full\">\n<li class=\"wp-block-myblocks-row-list-cell row-cell row-full-2columns-cell my-cell-block\"><div class=\"myblock-wrapper block-my-page-teaser block-ingrid\" data-module-name=\"Teaser Page\">\n<div class=\"page-teaser__wrapper\">\n    <a\n        class=\"page-teaser medium white has-post\"\n        href=\"https:\/\/service.rewe-group.com\/de\/pensionskasse\/informationen-fuer-mitarbeitende-von-kaufleuten\/\"\n        style=\"\"\n        data-tracking=\"{&quot;event&quot;:&quot;click_teaser&quot;,&quot;link_url&quot;:&quot;https:\\\/\\\/service.rewe-group.com\\\/de\\\/pensionskasse\\\/informationen-fuer-mitarbeitende-von-kaufleuten\\\/&quot;,&quot;element_name&quot;:&quot;Sicher in die Zukunft: &lt;br&gt;Mit der REWE Group-Pensionskasse &quot;,&quot;modul_name&quot;:&quot;.teaser-page&quot;}\"        target=\"_self\"    >\n                <div class=\"page-teaser__overlay white\"><\/div>\n                <h2 class=\"page-teaser__title\">Sicher in die Zukunft: <br>Mit der REWE Group-Pensionskasse <\/h2>        <div class=\"bottom\">\n                        <div class=\"link\">\n                <span class=\"arrow-link\">Zur Bereichsseite<\/span>\n            <\/div>\n        <\/div>\n    <\/a>\n<\/div>\n<\/div><\/li>\n\n\n\n<li class=\"wp-block-myblocks-row-list-cell row-cell row-full-2columns-cell my-cell-block\"><div class=\"myblock-wrapper block-my-page-teaser block-ingrid\" data-module-name=\"Teaser Page\">\n<div class=\"page-teaser__wrapper\">\n    <a\n        class=\"page-teaser medium white has-post\"\n        href=\"https:\/\/service.rewe-group.com\/de\/pensionskasse\/leistungen-fuer-kaufleute\/\"\n        style=\"\"\n        data-tracking=\"{&quot;event&quot;:&quot;click_teaser&quot;,&quot;link_url&quot;:&quot;https:\\\/\\\/service.rewe-group.com\\\/de\\\/pensionskasse\\\/leistungen-fuer-kaufleute\\\/&quot;,&quot;element_name&quot;:&quot;Leistungen f\\u00fcr Kaufleute&quot;,&quot;modul_name&quot;:&quot;.teaser-page&quot;}\"        target=\"_self\"    >\n                <div class=\"page-teaser__overlay white\"><\/div>\n                <h2 class=\"page-teaser__title\">Leistungen f\u00fcr Kaufleute<\/h2>        <div class=\"bottom\">\n                        <div class=\"link\">\n                <span class=\"arrow-link\">Zur Bereichsseite<\/span>\n            <\/div>\n        <\/div>\n    <\/a>\n<\/div>\n<\/div><\/li>\n<\/ul>\n\n\n\n<ul class=\"wp-block-myblocks-row-list row-full-2columns my-row-block row-full\">\n<li class=\"wp-block-myblocks-row-list-cell row-cell row-full-2columns-cell my-cell-block\"><div class=\"myblock-wrapper block-my-page-teaser block-ingrid\" data-module-name=\"Teaser Page\">\n<div class=\"page-teaser__wrapper\">\n    <a\n        class=\"page-teaser medium white has-post\"\n        href=\"https:\/\/service.rewe-group.com\/de\/pensionskasse\/mitgliedschaft-fuer-mitarbeitende\/\"\n        style=\"\"\n        data-tracking=\"{&quot;event&quot;:&quot;click_teaser&quot;,&quot;link_url&quot;:&quot;https:\\\/\\\/service.rewe-group.com\\\/de\\\/pensionskasse\\\/mitgliedschaft-fuer-mitarbeitende\\\/&quot;,&quot;element_name&quot;:&quot;Mitgliedschaft f\\u00fcr Mitarbeitende&quot;,&quot;modul_name&quot;:&quot;.teaser-page&quot;}\"        target=\"_self\"    >\n                <div class=\"page-teaser__overlay white\"><\/div>\n                <h2 class=\"page-teaser__title\">Mitgliedschaft f\u00fcr Mitarbeitende<\/h2>        <div class=\"bottom\">\n                        <div class=\"link\">\n                <span class=\"arrow-link\">Zur Bereichsseite<\/span>\n            <\/div>\n        <\/div>\n    <\/a>\n<\/div>\n<\/div><\/li>\n\n\n\n<li class=\"wp-block-myblocks-row-list-cell row-cell row-full-2columns-cell my-cell-block\"><div class=\"myblock-wrapper block-my-page-teaser block-ingrid\" data-module-name=\"Teaser Page\">\n<div class=\"page-teaser__wrapper\">\n    <a\n        class=\"page-teaser medium red has-post\"\n        href=\"https:\/\/service.rewe-group.com\/de\/pensionskasse\/\"\n        style=\"\"\n        data-tracking=\"{&quot;event&quot;:&quot;click_teaser&quot;,&quot;link_url&quot;:&quot;https:\\\/\\\/service.rewe-group.com\\\/de\\\/pensionskasse\\\/&quot;,&quot;element_name&quot;:&quot;Die REWE Group-Pensionskasse&quot;,&quot;modul_name&quot;:&quot;.teaser-page&quot;}\"        target=\"_self\"    >\n                <div class=\"page-teaser__overlay red\"><\/div>\n                <h2 class=\"page-teaser__title\">Die REWE Group-Pensionskasse<\/h2>        <div class=\"bottom\">\n                        <div class=\"link\">\n                <span class=\"arrow-link\">Zur REWE Group Pensionskasse<\/span>\n            <\/div>\n        <\/div>\n    <\/a>\n<\/div>\n<\/div><\/li>\n<\/ul>\n<\/div>\n<\/div>\n","protected":false},"excerpt":{"rendered":"","protected":false},"author":20,"featured_media":0,"parent":4018,"menu_order":112,"comment_status":"closed","ping_status":"closed","template":"","meta":{"_acf_changed":false,"_relevanssi_hide_post":"","_relevanssi_hide_content":"","_relevanssi_pin_for_all":"","_relevanssi_pin_keywords":"","_relevanssi_unpin_keywords":"","_relevanssi_related_keywords":"","_relevanssi_related_include_ids":"","_relevanssi_related_exclude_ids":"","_relevanssi_related_no_append":"","_relevanssi_related_not_related":"","_relevanssi_related_posts":"","_relevanssi_noindex_reason":"","footnotes":""},"categories":[4],"tags":[],"class_list":["post-9658","page","type-page","status-publish","hentry","category-unternehmen"],"acf":[],"yoast_head":"<!-- This site is optimized with the Yoast SEO Premium plugin v27.1 (Yoast SEO v27.1.1) - https:\/\/yoast.com\/product\/yoast-seo-premium-wordpress\/ -->\n<title>Unterlagen f\u00fcr Mitarbeitende - Rewe Group Service<\/title>\n<meta name=\"description\" content=\"Hier finden Mitarbeitende von selbstst\u00e4ndigen Kaufleuten der REWE Group Unterlagen rund um die Mitgliedschaft bei der REWE Group Pensionskasse.\" \/>\n<meta name=\"robots\" content=\"noindex, follow, max-snippet:-1, max-image-preview:large, max-video-preview:-1\" \/>\n<meta property=\"og:locale\" content=\"de_DE\" \/>\n<meta property=\"og:type\" content=\"article\" \/>\n<meta property=\"og:title\" content=\"Unterlagen f\u00fcr Mitarbeitende\" \/>\n<meta property=\"og:description\" content=\"Hier finden Mitarbeitende von selbstst\u00e4ndigen Kaufleuten der REWE Group Unterlagen rund um die Mitgliedschaft bei der REWE Group Pensionskasse.\" \/>\n<meta property=\"og:url\" content=\"https:\/\/service.rewe-group.com\/de\/pensionskasse\/unterlagen-fuer-mitarbeitende\/\" \/>\n<meta property=\"og:site_name\" content=\"Rewe Group Service\" \/>\n<meta property=\"article:modified_time\" content=\"2026-03-02T11:15:20+00:00\" \/>\n<meta name=\"twitter:card\" content=\"summary_large_image\" \/>\n<meta name=\"twitter:label1\" content=\"Gesch\u00e4tzte Lesezeit\" \/>\n\t<meta name=\"twitter:data1\" content=\"3\u00a0Minuten\" \/>\n<script type=\"application\/ld+json\" class=\"yoast-schema-graph\">{\"@context\":\"https:\/\/schema.org\",\"@graph\":[{\"@type\":\"WebPage\",\"@id\":\"https:\/\/service.rewe-group.com\/de\/pensionskasse\/unterlagen-fuer-mitarbeitende\/\",\"url\":\"https:\/\/service.rewe-group.com\/de\/pensionskasse\/unterlagen-fuer-mitarbeitende\/\",\"name\":\"Unterlagen f\u00fcr Mitarbeitende - Rewe Group Service\",\"isPartOf\":{\"@id\":\"https:\/\/service.rewe-group.com\/de\/#website\"},\"datePublished\":\"2021-01-11T20:03:02+00:00\",\"dateModified\":\"2026-03-02T11:15:20+00:00\",\"description\":\"Hier finden Mitarbeitende von selbstst\u00e4ndigen Kaufleuten der REWE Group Unterlagen rund um die Mitgliedschaft bei der REWE Group Pensionskasse.\",\"breadcrumb\":{\"@id\":\"https:\/\/service.rewe-group.com\/de\/pensionskasse\/unterlagen-fuer-mitarbeitende\/#breadcrumb\"},\"inLanguage\":\"de\",\"potentialAction\":[{\"@type\":\"ReadAction\",\"target\":[\"https:\/\/service.rewe-group.com\/de\/pensionskasse\/unterlagen-fuer-mitarbeitende\/\"]}]},{\"@type\":\"BreadcrumbList\",\"@id\":\"https:\/\/service.rewe-group.com\/de\/pensionskasse\/unterlagen-fuer-mitarbeitende\/#breadcrumb\",\"itemListElement\":[{\"@type\":\"ListItem\",\"position\":1,\"name\":\"Pensionskasse\",\"item\":\"https:\/\/service.rewe-group.com\/de\/pensionskasse\/\"},{\"@type\":\"ListItem\",\"position\":2,\"name\":\"Unterlagen f\u00fcr Mitarbeitende\"}]},{\"@type\":\"WebSite\",\"@id\":\"https:\/\/service.rewe-group.com\/de\/#website\",\"url\":\"https:\/\/service.rewe-group.com\/de\/\",\"name\":\"Rewe Group Service\",\"description\":\"\",\"potentialAction\":[{\"@type\":\"SearchAction\",\"target\":{\"@type\":\"EntryPoint\",\"urlTemplate\":\"https:\/\/service.rewe-group.com\/de\/?s={search_term_string}\"},\"query-input\":{\"@type\":\"PropertyValueSpecification\",\"valueRequired\":true,\"valueName\":\"search_term_string\"}}],\"inLanguage\":\"de\"}]}<\/script>\n<!-- \/ Yoast SEO Premium plugin. -->","yoast_head_json":{"title":"Unterlagen f\u00fcr Mitarbeitende - Rewe Group Service","description":"Hier finden Mitarbeitende von selbstst\u00e4ndigen Kaufleuten der REWE Group Unterlagen rund um die Mitgliedschaft bei der REWE Group Pensionskasse.","robots":{"index":"noindex","follow":"follow","max-snippet":"max-snippet:-1","max-image-preview":"max-image-preview:large","max-video-preview":"max-video-preview:-1"},"og_locale":"de_DE","og_type":"article","og_title":"Unterlagen f\u00fcr Mitarbeitende","og_description":"Hier finden Mitarbeitende von selbstst\u00e4ndigen Kaufleuten der REWE Group Unterlagen rund um die Mitgliedschaft bei der REWE Group Pensionskasse.","og_url":"https:\/\/service.rewe-group.com\/de\/pensionskasse\/unterlagen-fuer-mitarbeitende\/","og_site_name":"Rewe Group Service","article_modified_time":"2026-03-02T11:15:20+00:00","twitter_card":"summary_large_image","twitter_misc":{"Gesch\u00e4tzte Lesezeit":"3\u00a0Minuten"},"schema":{"@context":"https:\/\/schema.org","@graph":[{"@type":"WebPage","@id":"https:\/\/service.rewe-group.com\/de\/pensionskasse\/unterlagen-fuer-mitarbeitende\/","url":"https:\/\/service.rewe-group.com\/de\/pensionskasse\/unterlagen-fuer-mitarbeitende\/","name":"Unterlagen f\u00fcr Mitarbeitende - Rewe Group Service","isPartOf":{"@id":"https:\/\/service.rewe-group.com\/de\/#website"},"datePublished":"2021-01-11T20:03:02+00:00","dateModified":"2026-03-02T11:15:20+00:00","description":"Hier finden Mitarbeitende von selbstst\u00e4ndigen Kaufleuten der REWE Group Unterlagen rund um die Mitgliedschaft bei der REWE Group Pensionskasse.","breadcrumb":{"@id":"https:\/\/service.rewe-group.com\/de\/pensionskasse\/unterlagen-fuer-mitarbeitende\/#breadcrumb"},"inLanguage":"de","potentialAction":[{"@type":"ReadAction","target":["https:\/\/service.rewe-group.com\/de\/pensionskasse\/unterlagen-fuer-mitarbeitende\/"]}]},{"@type":"BreadcrumbList","@id":"https:\/\/service.rewe-group.com\/de\/pensionskasse\/unterlagen-fuer-mitarbeitende\/#breadcrumb","itemListElement":[{"@type":"ListItem","position":1,"name":"Pensionskasse","item":"https:\/\/service.rewe-group.com\/de\/pensionskasse\/"},{"@type":"ListItem","position":2,"name":"Unterlagen f\u00fcr Mitarbeitende"}]},{"@type":"WebSite","@id":"https:\/\/service.rewe-group.com\/de\/#website","url":"https:\/\/service.rewe-group.com\/de\/","name":"Rewe Group Service","description":"","potentialAction":[{"@type":"SearchAction","target":{"@type":"EntryPoint","urlTemplate":"https:\/\/service.rewe-group.com\/de\/?s={search_term_string}"},"query-input":{"@type":"PropertyValueSpecification","valueRequired":true,"valueName":"search_term_string"}}],"inLanguage":"de"}]}},"_links":{"self":[{"href":"https:\/\/service.rewe-group.com\/de\/wp-json\/wp\/v2\/pages\/9658","targetHints":{"allow":["GET"]}}],"collection":[{"href":"https:\/\/service.rewe-group.com\/de\/wp-json\/wp\/v2\/pages"}],"about":[{"href":"https:\/\/service.rewe-group.com\/de\/wp-json\/wp\/v2\/types\/page"}],"author":[{"embeddable":true,"href":"https:\/\/service.rewe-group.com\/de\/wp-json\/wp\/v2\/users\/20"}],"replies":[{"embeddable":true,"href":"https:\/\/service.rewe-group.com\/de\/wp-json\/wp\/v2\/comments?post=9658"}],"version-history":[{"count":5,"href":"https:\/\/service.rewe-group.com\/de\/wp-json\/wp\/v2\/pages\/9658\/revisions"}],"predecessor-version":[{"id":44946,"href":"https:\/\/service.rewe-group.com\/de\/wp-json\/wp\/v2\/pages\/9658\/revisions\/44946"}],"up":[{"embeddable":true,"href":"https:\/\/service.rewe-group.com\/de\/wp-json\/wp\/v2\/pages\/4018"}],"wp:attachment":[{"href":"https:\/\/service.rewe-group.com\/de\/wp-json\/wp\/v2\/media?parent=9658"}],"wp:term":[{"taxonomy":"category","embeddable":true,"href":"https:\/\/service.rewe-group.com\/de\/wp-json\/wp\/v2\/categories?post=9658"},{"taxonomy":"post_tag","embeddable":true,"href":"https:\/\/service.rewe-group.com\/de\/wp-json\/wp\/v2\/tags?post=9658"}],"curies":[{"name":"wp","href":"https:\/\/api.w.org\/{rel}","templated":true}]}}